{"id":309,"date":"2024-11-13T17:06:59","date_gmt":"2024-11-13T20:06:59","guid":{"rendered":"https:\/\/laboratorios.ufpr.br\/lpga\/?page_id=309"},"modified":"2025-11-12T14:27:09","modified_gmt":"2025-11-12T17:27:09","slug":"2013-2014","status":"publish","type":"page","link":"https:\/\/laboratorios.ufpr.br\/lpga\/2013-2014\/","title":{"rendered":"2025-2020"},"content":{"rendered":"\n<p><strong>PUBLICATIONS<\/strong><\/p>\n\n\n\n<h4 class=\"wp-block-heading\">2025<\/h4>\n\n\n\n<p>HUHN, S. R. B. ; PAULA, R. N. ;\u00a0FERREIRA, F.J.F.\u00a0; BARREIRA, I. B. . Geology and Hydrothermal Evolution of the Antas North Iron Sulfide?Copper?Gold (ISCG) Deposit in the Caraj\u00e1s Mineral Province. Minerals, v. 15, p. 1081-1101, 2025. <a href=\"https:\/\/doi.org\/10.3390\/min15101081\">https:\/\/doi.org\/10.3390\/min15101081<\/a><\/p>\n\n\n\n<p>ANTONELLI, FRANCESCO ; STEVANATO, RODOILTON ; RODIZES, ANGELA ; SERRANO, VINICIUS DIAS ; YAMAMOTO, JORGE KAZUO ; ABREU, GUSTAVO ;\u00a0Ferreira, Francisco Jos\u00e9 Fonseca\u00a0; FRIES, MAXIMILIAN . Integration of Airborne and Ground Geophysical Prospecting Applied to an Epithermal Gold Deposit in the Castro Basin, Southern Brazil. Brazilian Journal of Geophysics, v. 43, p. 1-20, 2025. <a href=\"https:\/\/doi.org\/10.22564\/brjg.v43i1.2335\">https:\/\/doi.org\/10.22564\/brjg.v43i1.2335<\/a><\/p>\n\n\n\n<h4 class=\"wp-block-heading has-text-align-left\">2024<\/h4>\n\n\n\n<p>Abdelrahman, K. ; Pham, L. T. ;&nbsp;Oliveira, S. P.&nbsp;; Duong, V. H. ; Kieu Duy, Thong ; Gomez-Ortiz, D. ; Fnais, M. S. ; Eldosouky, A. M. . Reliable Tilt-depth estimates based on the stable computation of the tilt angle using robust vertical derivatives. Scientific Reports, v. 14, p. 7392, 2024. <a href=\"https:\/\/doi.org\/10.1038\/s41598-024-57314-5\">https:\/\/doi.org\/10.1038\/s41598-024-57314-5<\/a><\/p>\n\n\n\n<p>Barcellos, J. D. S. G. ; Pires, C. D. A. ; Pinheiro, H. S. K. ;&nbsp;Szameitat, L. S. A.&nbsp;; Tesser, L. R. ; De Oliveira Gomes, O. V. ; Miranda, A. W. A. . Geomorphometry and aeromagnetometry as water management tools: A case study in hydrological planning units in southeastern Brazil. Journal of South American Earth Sciences, v. 133, p. 104725, 2024. <a href=\"https:\/\/doi.org\/10.1016\/j.jsames.2023.104725\">https:\/\/doi.org\/10.1016\/j.jsames.2023.104725<\/a><\/p>\n\n\n\n<p>Bongiolo, A.; Szameitat, L. ; Ribeiro Severino, R. ;&nbsp;Brumatti, M.&nbsp;; Luis Spisila, A. ; Fonseca Ferreira, F. J. ; Baldessar Netto, P. ; Kerouak Cordeiro Pereira, E. . The Magnetic Anomaly Map of Paran\u00e1 State: An Integration of Airborne Surveys Performed Over the Years. Brazilian Journal of Geophysics, v. 42, p. 1-25, 2024. <a href=\"http:\/\/dx.doi.org\/10.22564\/brjg.v42i2.2321\">http:\/\/dx.doi.org\/10.22564\/brjg.v42i2.2321<\/a><\/p>\n\n\n\n<p>De Souza, J. ; Oliveira, S. P. ; Szameitat, L. S. A. ;&nbsp;De Souza Filho, O. A.&nbsp;;&nbsp;Ferreira, F. J. F.&nbsp;. Fourier domain vertical derivative of the nonpotential squared analytical signal of dike and step magnetic anomalies: A case of serendipity. Geophysics, v. 89, p. g1-g12, 2024. <a href=\"https:\/\/doi.org\/10.1190\/geo2022-0760.1\"><br>https:\/\/doi.org\/10.1190\/geo2022-0760.1<\/a><\/p>\n\n\n\n<p>Ferreira, A. D.&nbsp;;&nbsp;Pinto-Coelho, C. V.&nbsp;;&nbsp;Oliveira, S. P.&nbsp;;&nbsp;De Assis, J. P.&nbsp;;&nbsp;Camargo, M. H. T.&nbsp;;&nbsp;Cavallari, M. L.&nbsp;. Dominant wavelength: a tool for morphological simplification of stylolites. CARBONATES AND EVAPORITES, v. 39, p. 4, 2024. <a href=\"https:\/\/doi.org\/10.1007\/s13146-023-00913-6\">https:\/\/doi.org\/10.1007\/s13146-023-00913-6<\/a><\/p>\n\n\n\n<p>Fernandes, J. A. ;&nbsp;Azevedo, J. S.&nbsp;;&nbsp;Oliveira, S. P.&nbsp;. A combined Markov Chain Monte Carlo and Levenberg-Marquardt inversion method for heterogeneous subsurface reservoir modeling. Discover Applied Sciences, v. 6, p. 514, 2024. <a href=\"https:\/\/doi.org\/10.1007\/s42452-024-06214-4\">https:\/\/doi.org\/10.1007\/s42452-024-06214-4<\/a><\/p>\n\n\n\n<p>Filipak, D. J. ; Burda, I. G. ; Bernardelli, E. A. ;&nbsp;De Barros e Silva Bongiolo, A.&nbsp;; Cunha de Lima, P. ; Martins Artins Campos, Y. . Stress corrosion cracking failure of inland 303 stainless steel anchor bolt: bolt and rock characteristics influence. Boletim Paranaense de Geoci\u00eancias, v. 81, p. 1-14, 2024. <a href=\"https:\/\/doi.org\/10.5380\/geo.v81i1.96108\">https:\/\/doi.org\/10.5380\/geo.v81i1.96108<\/a><\/p>\n\n\n\n<p>Huber, S. F.; Bongiolo, A. B. S. ; Szameitat, L. S. A. . Modelagem geof\u00edsica do arco de Ponta Grossa: Investiga\u00e7\u00e3o sobre as diferen\u00e7as entre os flancos NE e SW. 51\u00ba Congresso Brasileiro de Geologia, Belo Horizonte, 2024. <a href=\"https:\/\/51cbg.com.br\/evento\/cbg2024\/trabalhosaprovados\/naintegra\/1199\">https:\/\/51cbg.com.br\/evento\/cbg2024\/trabalhosaprovados\/naintegra\/1199<\/a><\/p>\n\n\n\n<p>Marques Pereira Lau, A. ;&nbsp;Fonseca Ferreira, F. J.&nbsp;; Da Rosa Filho, E. F. . Impact analysis of soil, surface and groundwater in tannery area, southern Brazil. Journal of South American Earth Sciences, v. 141, p. 104932, 2024. <a href=\"https:\/\/doi.org\/10.1016\/j.jsames.2024.104932\">https:\/\/doi.org\/10.1016\/j.jsames.2024.104932<\/a><\/p>\n\n\n\n<p>Oliveira, S. P.; Azevedo, J. D. S. ; Batista, J. D. C. ; Novais, D. M. . Modeling and Hybrid Inversion of Mineral Deposits Using the Dipping Dike Model with Finite Depth Extent. Minerals, v. 14, p. 1054, 2024. <a href=\"https:\/\/doi.org\/10.3390\/min14101054\">https:\/\/doi.org\/10.3390\/min14101054<\/a><\/p>\n\n\n\n<p>Oliveira, S. P.; Pham, Luan Thanh ; PA?TEKA, R. . Regularization of vertical derivatives of potential field data using Morozov&#8217;s discrepancy principle. Geophysical Prospecting, v. 72, p. 2880-2892, 2024. <a href=\"https:\/\/doi.org\/10.1111\/1365-2478.13534\">https:\/\/doi.org\/10.1111\/1365-2478.13534<\/a><\/p>\n\n\n\n<p>Pham, L. T. ; Smith, R. S. ;&nbsp;Oliveira, S. P.&nbsp;; Jorge, V. T. . Enhancing magnetic source edges using the tilt angle of the analytic\u00bfsignal amplitudes of the horizontal gradient. Geophysical Prospecting, v. 72, p. 3026-3037, 2024. <a href=\"https:\/\/doi.org\/10.1111\/1365-2478.13573\">https:\/\/doi.org\/10.1111\/1365-2478.13573<\/a><\/p>\n\n\n\n<p>Pham, L. T. ;&nbsp;Oliveira, S. P.&nbsp;; Abdelrahman, K. ; Gomez-Ortiz, D. ; Nguyen, D. V. ; Vo, Q. T. ; Eldosouky, A. M. . Selection of Euler deconvolution solutions using the enhanced horizontal gradient and stable vertical differentiation. Open Geosciences, v. 16, p. 20220637, 2024. <a href=\"https:\/\/doi.org\/10.1515\/geo-2022-0637\">https:\/\/doi.org\/10.1515\/geo-2022-0637<\/a><\/p>\n\n\n\n<p>Pham, L. T. ; Van Duong, H. ; Kieu Duy, T. ;&nbsp;Oliveira, S. P.&nbsp;; Lai, G. M. ; Bui, T. M. ; Oksum, E. . An effective&nbsp;edge detection technique&nbsp;for subsurface structural mapping from potential field data. Acta Geophysica, v. 72, p. 1661-1674, 2024.&nbsp;<a href=\"https:\/\/doi.org\/10.1007\/s11600-023-01185-3\">https:\/\/doi.org\/10.1007\/s11600-023-01185-3<\/a><\/p>\n\n\n\n<p>Szameitat, L. S. A.&nbsp;;&nbsp;Bongiolo, A.B.S.&nbsp;. Recursos computacionais para tratamento de dados magnetom\u00e9tricos e gravim\u00e9tricos em sala de aula. Boletim Paranaense de Geoci\u00eancias, v. 1, p. 1, 2024. <a href=\"https:\/\/doi.org\/10.5380\/geo.v82i1.91973\">https:\/\/doi.org\/10.5380\/geo.v82i1.91973<\/a><\/p>\n\n\n\n<p>Thanh Pham, L. ;&nbsp;Pomponet Oliveira, S.&nbsp;; Le-Huy, M. ; Viet Nguyen, D. ; Quynh Nguyen-Dang, T. ; Duc Do, T. ; Van Tran, K. ; Duyen Thi Nguyen, H. ; Nhu Thi Ngo, T. ; Quang Pham, H. . Reliable Euler deconvolution solutions of gravity data throughout the \u03b2-VDR and THGED methods: Application to mineral exploration and geological structural mapping. Vietnam Journal Of Earth Sciences, v. 46, p. 433-448, 2024. <a href=\"https:\/\/doi.org\/10.15625\/2615-9783\/21009\">https:\/\/doi.org\/10.15625\/2615-9783\/21009<\/a><\/p>\n\n\n\n<h4 class=\"wp-block-heading\">2023<\/h4>\n\n\n\n<p>Bastos, B. P. ; Pinheiro, H. S. K. ; Junior, W. C. ; Dos Anjos, L. H. C. ; Ferreira, F. J. F. . Clustering airborne gamma-ray spectrometry data in Nova Friburgo, State of Rio de Janeiro, southeastern Brazil. Journal of Applied Geophysics, v. 209, p. 104900-104911, 2023.&nbsp;<a href=\"https:\/\/doi.org\/10.1016\/j.jsames.2021.104062\" target=\"_blank\" rel=\"noreferrer noopener\">http:\/\/doi.org\/10.1016\/j.jappgeo.2022.104900<\/a><\/p>\n\n\n\n<p>Bastos, B. P. ; Pinheiro, H. S. K. ;&nbsp;Ferreira, F. J. F.&nbsp;; Junior, W. C. ; Dos Anjos, L. H. C. . Could Airborne Geophysical Data Be Used to Improve Predictive Modeling of Agronomic Soil Properties in Tropical Hillslope Area?. Remote Sensing, v. 15, p. 3719, 2023. <a href=\"https:\/\/doi.org\/10.3390\/rs15153719\">https:\/\/doi.org\/10.3390\/rs15153719<\/a><\/p>\n\n\n\n<p>Camargo, M. H. T. ; Ferreira, A. D. ; Pinto-Coelho, C. V. ; Oliveira, S. P. ; Guimaraes, T. T. ; Cavallari, M. L. ; Veronez, M. R. ; Alfaro, L. F. . Hyperspectral analysis (VNIR-SWIR) applied to the characterization of a dolomitization context: a case study in Rio Bonito Quarry, Brazil. Carbonates and Evaporites, v. 38, p. 24, 2023.&nbsp;<a href=\"https:\/\/doi.org\/10.1007\/s13146-023-00846-0\">https:\/\/doi.org\/10.1007\/s13146-023-00846-0<\/a><\/p>\n\n\n\n<p>Costa, H. S. ;&nbsp;Licht, O.A.B.&nbsp;; Vasconcellos, E.M.G. ;&nbsp;Ferreira, F.J.F.&nbsp;. Discrete Pt microcrystals firstly found in LTI basaltic lava flows, Paran\u00e1 Igneous Province, State of Paran\u00e1, Brazil. Boletim Paranaense de Geoci\u00eancias, v. 81, p. 01-03, 2023. <a href=\"https:\/\/doi.org\/10.5380\/geo.v81i1.95607\">https:\/\/doi.org\/10.5380\/geo.v81i1.95607<\/a><\/p>\n\n\n\n<p>Mohriak, W.U. ;&nbsp;Szameitat, L.&nbsp;. The anomalous magmatism in the southern part of the Santos basin, and the non-continuous salt layer over Abimael ridge. Journal of South American Earth Sciences, v. 128, p. 104435, 2023. <a href=\"https:\/\/doi.org\/10.1016\/j.jsames.2023.104435\">https:\/\/doi.org\/10.1016\/j.jsames.2023.104435<\/a><\/p>\n\n\n\n<p>Oliveira, S. P.&nbsp;;&nbsp;Bongiolo, A.B.S<strong>.<\/strong>&nbsp;; Pham, L. T. ;&nbsp;Castro, L. G.&nbsp;;&nbsp;Jorge, V. T.&nbsp;. On the practical implementation of the enhanced horizontal derivative filter for potential field data. Contributions To Geophysics And Geodesy, v. 53, p. 319-331, 2023. <a href=\"https:\/\/doi.org\/10.31577\/congeo.2023.53.4.1\">https:\/\/doi.org\/10.31577\/congeo.2023.53.4.1<\/a><\/p>\n\n\n\n<p>Oliveira, S. P. ; De Souza, J ; De Castro, L. G. ; Ferreira, F. J. F. . Interpretation of magnetic anomaly profiles using a decomposition in Hilbert transform pairs. Brazilian Journal of Geophysics, v. 40, p. 1-10, 2023.&nbsp;<a href=\"http:\/\/dx.doi.org\/10.22564\/brjg.v40i4.2185\">http:\/\/dx.doi.org\/10.22564\/brjg.v40i4.2185<\/a><\/p>\n\n\n\n<p>Poi, G. A. ;&nbsp;Bongiolo, A.B.S.&nbsp;;&nbsp;Szameitat, L. S. A.&nbsp;;&nbsp;Stevanato, R.&nbsp;;&nbsp;Souza Filho, O.A. de&nbsp;; Jorge, V. T. . Compara\u00e7\u00e3o de dados Magnetom\u00e9tricos a\u00e9reos e terrestres para o mapeamento geof\u00edsico estrutural na Floresta Nacional de Pira\u00ed do Sul. Boletim Paranaense de Geoci\u00eancias, v. 81, p. 1-15, 2023. <a href=\"https:\/\/doi.org\/10.5380\/geo.v81i1.92558\">https:\/\/doi.org\/10.5380\/geo.v81i1.92558<\/a><\/p>\n\n\n\n<p>Santos, J. M. D. ; Salamuni, E. ; Morales, N. ;&nbsp;De Castro, L. G.&nbsp;; Lima da Silva, C. ; De Souza, I. A. ; Gimenez, V. B. ; Oliveira, S. P. . Aeromagnetic and structural characterization of dyke swarms in southeast Brazil: Evidence for Cenozoic reactivation of the Guapiara lineament, Ponta Grossa Arch. Journal of South American Earth Sciences, v. 129, p. 104523, 2023. <a href=\"https:\/\/doi.org\/10.1016\/j.jsames.2023.104523\">https:\/\/doi.org\/10.1016\/j.jsames.2023.104523<\/a><\/p>\n\n\n\n<p>Seimetz, E. X. ; Costa, A. S. J. ; Borges, W. R. ; Ianniruberto, M. ; Canata, R. E. . Geoelectric Signature of Gold Mineralization in the Alta Floresta Gold Province, Mato Grosso State, Brazil. Minerals, v. 13, p. 203, 2023.&nbsp;<a href=\"https:\/\/doi.org\/10.3390\/min13020203\">https:\/\/doi.org\/10.3390\/min13020203<\/a><\/p>\n\n\n\n<p>Szameitat, L. S. A. ; Heilbron, M. ; Arag\u00e3o, M. A. N. F. ; Manatschal, G. ; Ferreira, F. J. F. ; Bongiolo, A. B. S. ; Santos, A. C. ; Mohriak, W. U. . Geophysical evidence for lithospheric scale asymmetry and inherited mantle in the SE Brazilian-Angola and Newfoundland-Iberia rifted margins. JOURNAL OF SOUTH AMERICAN EARTH SCIENCES, v. 123, p. 104214, 2023.&nbsp;<a href=\"https:\/\/doi.org\/10.1016\/j.jsames.2023.104214\">https:\/\/doi.org\/10.1016\/j.jsames.2023.104214<\/a><\/p>\n\n\n\n<p>Weihermann, J. D. ; Oliveira, S. P. ; LI, Y. ; Silva, A. M. ; Ferreira, F. J. F. . Two-dimensional inversion of airborne radiometric data for source concentrations: Application to Cu-Au targeting at Mara Rosa Magmatic Arc, Brazil. Geophysical Prospecting, p. 1-13, 2023.&nbsp;<a href=\"https:\/\/doi.org\/10.1111\/1365-2478.13349\">https:\/\/doi.org\/10.1111\/1365-2478.13349<\/a><\/p>\n\n\n\n<h4 class=\"wp-block-heading\">2022<\/h4>\n\n\n\n<p>Arag\u00e3o, M. A. N. F. ; Szameitat, L. S. A. ; Figueiredo, A. M. F. ; Heilbron, M. ; Manatschal, G. . Architectural elements, geometry, and magmatism of the Sub-Saharan Western African passive margin basins: Seismic and gravity data integration.&nbsp;<em>Journal of South American Earth Sciences<\/em>,&nbsp;<em>120<\/em>, 104062, 2022.&nbsp;<a href=\"https:\/\/doi.org\/10.1016\/j.jsames.2021.104062\" target=\"_blank\" rel=\"noreferrer noopener\">http:\/\/doi.org\/10.1016\/j.jsames.2022.104062<\/a><\/p>\n\n\n\n<p>Araujo da Silva, C. D. ; Parente, C. V. ; Stevanato, R. ; Canata, R. E. ; Leopoldino Oliveira, K. M. . Integration of induced polarization, resistivity, and magnetic data of IOA occurrences in Ararenda, western of the Santa Quiteria magmatic arc, Cear\u00e1 Brazil. JOURNAL OF SOUTH AMERICAN EARTH SCIENCES, v. 113, p. 103624, 2022.&nbsp;<a href=\"https:\/\/doi.org\/10.1016\/j.jsames.2022.104062\" target=\"_blank\" rel=\"noreferrer noopener\">http:\/\/doi.org\/10.1016\/j.jsames.2021.103624<\/a><\/p>\n\n\n\n<p>Bongiolo, A. B. S. ; Szameitat, L. S. A. ; Stevanato, R. ; Canata, R. E. ; Pereira, H. G. ; Antonelli, F. . Geophysical Surveying for the Detection of Ferrous-based objects: Possibilities for depth estimative combinig Analitic Signal and Vertical Integral of the Anomalous Magnetic Field. Brazilian Journal of Geophysics, v. 40 (1), p. 1-10, 2022.&nbsp;<a href=\"http:\/\/dx.doi.org\/10.22564\/brjg.v40i1.2132\" target=\"_blank\" rel=\"noreferrer noopener\">http:\/\/dx.doi.org\/10.22564\/brjg.v40i1.2132<\/a><\/p>\n\n\n\n<p>Costa, H. S. ; Licht, O. A. B. ; Ferreira, F.J.F. ; Vasconcellos, E.M.G. ; Costa, A. C. S. . Validation of the use of portable equipment in the magnetic characterization of soils, State of Paran\u00e1, Brazil. Brazilian Journal of Geology, v. 52, p. e20220011, 2022.&nbsp;<a href=\"https:\/\/doi.org\/10.1590\/2317-4889202220220011\" target=\"_blank\" rel=\"noreferrer noopener\">http:\/\/dx.doi.org\/10.1590\/<\/a><a href=\"https:\/\/doi.org\/10.1590\/2317-4889202220220011\" target=\"_blank\" rel=\"noreferrer noopener\">2317-4889202220220011<\/a><\/p>\n\n\n\n<p>Mottin, T. E. ; Iannuzzi, R. ; Vesely, F. F. ; Monta\u00f1ez, I. P. ; Griffis, N. ; Canata, R. E<strong>.<\/strong>&nbsp;; Bar\u00e3o, L. M. ; Da Silveira, D. M. ; Garcia, A. M. . A glimpse of a Gondwanan postglacial fossil forest. PALAEOGEOGRAPHY PALAEOCLIMATOLOGY PALAEOECOLOGY, v. 588, p. 110814, 2022.&nbsp;<a href=\"http:\/\/dx.doi.org\/10.22564\/brjg.v40i1.2132\" target=\"_blank\" rel=\"noreferrer noopener\">http:\/\/dx.doi.org\/10.1016\/j.palaeo.2021.110814<\/a><\/p>\n\n\n\n<p>Oliveira, S. P. ; Pham, L. T. . A Stable Finite Difference Method Based on Upward Continuation to Evaluate Vertical Derivatives of Potential Field Data. PURE AND APPLIED GEOPHYSICS, v. 179, p. 4555-4566, 2022.&nbsp;<a href=\"https:\/\/doi.org\/10.1007\/s00024-022-03164-z\">http:\/\/dx.doi.org\/10.1007\/s00024-022-03164-z<\/a><\/p>\n\n\n\n<p>Pham, L. T. ; Oliveira, S. P. ; Eldosouky, A. M. ; Abdelrahman, K. ; Fnais, M. S. ; Xayavong, V. ; Andras, P. . Determination of structural lineaments of northeastern laos using the LTHG, EHGA methods. Journal of King Saud University \u2013 Science, p. 101825, 2022.&nbsp;<a href=\"http:\/\/dx.doi.org\/10.1016\/j.jksus.2022.101825\">http:\/\/dx.doi.org\/10.1016\/j.jksus.2022.101825<\/a><\/p>\n\n\n\n<p>Pham, L. T. ; Oliveira, S. P. ; Le, M. H. ; Trinh, P. T. ; Vu, T. V. ; Duong, V. ; Ngo, T. T. ; Do, T. D. ; Nguyen, T. H. ; Eldosouky, A. . Delineation of structural lineaments of the Southwest Sub-basin (East Vietnam Sea) using global marine gravity model from CryoSat-2 and Jason-1 satellites. Geocarto International, v. 37, p. 7681-7698, 2022.&nbsp;<a href=\"https:\/\/doi.org\/10.1080\/10106049.2021.1981463\">https:\/\/doi.org\/10.1080\/10106049.2021.1981463<\/a><\/p>\n\n\n\n<p>Silveira, F. M. ; Silveira, R. M. ; Buras, M. ; Bongiolo, A. B. S. ; Figueira, I. F. R. . An\u00e1lise de Dados de Deforma\u00e7\u00e3o a Partir de Sensores Distribu\u00eddos de fibra \u00d3ptica instalados em uma encosta. Boletim Paranaense de Geoci\u00eancias, v. 79, p. 113-126, 2022.&nbsp;<a href=\"http:\/\/dx.doi.org\/10.5380\/geo.v79i0.77900\">http:\/\/dx.doi.org\/10.5380\/geo.v79i0.77900<\/a><\/p>\n\n\n\n<h4 class=\"wp-block-heading\">2021<\/h4>\n\n\n\n<p>Kleuser, E. ; de Mesquita Barros, C. E. ; Archanjo, C. J. ; Dressel, B. C. ; de Castro, L. G. . Anisotropy of magnetic susceptibility, gravimetry and geochronology of the Cerne granite, Ribeira Belt, southern Brazil. JOURNAL OF SOUTH AMERICAN EARTH SCIENCES, v. 112, p. 103536, 2021.&nbsp;<a href=\"http:\/\/10.0.3.248\/j.jsames.2021.103536\">http:\/\/10.1016\/j.jsames.2021.103536<\/a><\/p>\n\n\n\n<p>Oliveira S. P. ; Azevedo J. S. ; Figueir\u00f3 W. M. ; Guimar\u00e3es R. A. ; Silva W. J. ; de Oliveira, A. . Representation of discontinuous seismic velocity fields by sigmoidal functions for ray tracing and travel time modelling. Geophysical Journal International, v. 224, p. 435-448, 2021.&nbsp;<a href=\"http:\/\/dx.doi.org\/10.1093\/gji\/ggaa476\" target=\"_blank\" rel=\"noreferrer noopener\">http:\/\/dx.doi.org\/10.1093\/gji\/ggaa476<\/a><\/p>\n\n\n\n<p>Pereira, H. G. ; Moreira, C. A. ; Ferreira, F. J. F. ; Camarero, P. L. ; da Silva, V. A. F. . Geophysical Characterization of a Potentially Mineralized Target in Copper Sulfides in the Northwest Limit of Camaqu\u00e3 Basin, Brazil. PURE AND APPLIED GEOPHYSICS, v. 178, p. 3111-3130, 2021.&nbsp;<a href=\"https:\/\/doi.org\/10.1016\/j.jappgeo.2020.104189\">https:\/\/doi.org\/10.1007\/s00024-021-02771-6<\/a><\/p>\n\n\n\n<p>Pereira, H. G. ; Moreira, C. A. ; Ferreira, F. J. F. ; da Silva, V. A. F. . Geophysical-Structural Framework in a Mineralized Region of Northwesternmost Camaqu\u00e3 Basin, Southern Brazil. Geofisica Internacional, v. 60, p. 101-123, 2021.&nbsp;<a href=\"https:\/\/doi.org\/10.22201\/igeof.00167169p.2021.60.2.2085\">https:\/\/doi.org\/<\/a><a href=\"https:\/\/doi.org\/10.22201\/igeof.00167169p.2021.60.2.2085\">10.22201\/igeof.00167169p.2021.60.2.2085<\/a><\/p>\n\n\n\n<p>Pham, L. T. ; Eldosouky, A. M. ; Melouah, O. ; Abdelrahman, K. ; Alzahrani, H. ; Oliveira, S. P. ; Andras, P. . Mapping subsurface structural lineaments using the edge filters of gravity data. Journal of King Saud University \u2013 Science, v. 33, p. 101594, 2021.&nbsp;&nbsp;<a href=\"http:\/\/dx.doi.org\/10.1016\/j.jksus.2021.101594\">http:\/\/dx.doi.org\/10.1016\/j.jksus.2021.101594<\/a><\/p>\n\n\n\n<p>Pham, l. T. ; Oksum, E. ; Le, D. V. ; Ferreira, F.J.F. ; Le, S. T. . Edge detection of potential field sources using the softsign function. Geocarto International, v. 37, p. 1-14, 2021.&nbsp;<a href=\"https:\/\/doi.org\/10.1080\/10106049.2021.1882007\">https:\/\/doi.org\/10.1080\/10106049.2021.1882007<\/a><\/p>\n\n\n\n<p>Santos, L. R. ; Spisila, A. L. ; Guimar\u00e3es, D. P. ; Szameitat, L. S. A. ; Bongiolo, A. B. S. ; Cury, L. F. . The geology of the Capiru Group, Curitiba Terrane, Southern Ribeira Belt (Brazil). Journal of Maps, v. 17 n.2, p.779-787, 2021.&nbsp;<a href=\"https:\/\/doi.org\/10.1080\/17445647.2021.1982036\" target=\"_blank\" rel=\"noreferrer noopener\">https:\/\/doi.org\/10.1080\/17445647.2021.1982036<\/a><\/p>\n\n\n\n<p>Silva, V. A. F. ; Ferreira, F. J. F. . Magnetic and radiometric signatures of alkaline rocks and gabbros from the Ponta Grossa Arch, southeastern Paran\u00e1 Basin, Brazil. Brazilian Journal of Geology, v. 51, p. 1-21, 2021.&nbsp;<a href=\"https:\/\/doi.org\/10.1590\/2317-4889202120200051\">http:\/\/dx.doi.org\/10.1590\/2317-4889202120200051<\/a><\/p>\n\n\n\n<p>Weihermann, J. D. ; Oliveira, S. P. ; Li, Y. ; Ferreira, F. J. F. ; Silva, A. M. ; Fortin, R. .&nbsp; A log-barrier approach for airborne gamma-ray spectrometry inversion. Computers and Geosciences, v. 147, p. 104682, 2021.&nbsp;<a href=\"https:\/\/doi.org\/10.1016\/j.cageo.2020.104682\" target=\"_blank\" rel=\"noreferrer noopener\">https:\/\/doi.org\/10.1016\/j.cageo.2020.104682<\/a><\/p>\n\n\n\n<p>Weihermann, J. D. ; Ferreira, M. P. ; de Castro, L. G. ; Ferreira, F. J. F.; Silva, A. M. Retrieving geological units with unsupervised clustering of gamma-ray spectrometry data. Journal of Applied Geophysics, v. 184, p. 104225, 2021.&nbsp;<a href=\"https:\/\/doi.org\/10.1016\/j.jappgeo.2020.104225\">https:\/\/doi.org\/10.1016\/j.jappgeo.2020.104225<\/a><\/p>\n","protected":false},"excerpt":{"rendered":"<p>PUBLICATIONS 2025 HUHN, S. R. B. ; PAULA, R. N. ;\u00a0FERREIRA, F.J.F.\u00a0; BARREIRA, I. B. . Geology and Hydrothermal Evolution of the Antas North Iron Sulfide?Copper?Gold (ISCG) Deposit in the Caraj\u00e1s Mineral Province. Minerals, v. 15, p. 1081-1101, 2025. https:\/\/doi.org\/10.3390\/min15101081 ANTONELLI, FRANCESCO ; STEVANATO, RODOILTON ; RODIZES, ANGELA ; SERRANO, VINICIUS DIAS ; YAMAMOTO, JORGE [&hellip;]<\/p>\n","protected":false},"author":20,"featured_media":0,"parent":0,"menu_order":0,"comment_status":"closed","ping_status":"closed","template":"","meta":{"footnotes":""},"class_list":["post-309","page","type-page","status-publish","hentry"],"_links":{"self":[{"href":"https:\/\/laboratorios.ufpr.br\/lpga\/wp-json\/wp\/v2\/pages\/309","targetHints":{"allow":["GET"]}}],"collection":[{"href":"https:\/\/laboratorios.ufpr.br\/lpga\/wp-json\/wp\/v2\/pages"}],"about":[{"href":"https:\/\/laboratorios.ufpr.br\/lpga\/wp-json\/wp\/v2\/types\/page"}],"author":[{"embeddable":true,"href":"https:\/\/laboratorios.ufpr.br\/lpga\/wp-json\/wp\/v2\/users\/20"}],"replies":[{"embeddable":true,"href":"https:\/\/laboratorios.ufpr.br\/lpga\/wp-json\/wp\/v2\/comments?post=309"}],"version-history":[{"count":27,"href":"https:\/\/laboratorios.ufpr.br\/lpga\/wp-json\/wp\/v2\/pages\/309\/revisions"}],"predecessor-version":[{"id":1559,"href":"https:\/\/laboratorios.ufpr.br\/lpga\/wp-json\/wp\/v2\/pages\/309\/revisions\/1559"}],"wp:attachment":[{"href":"https:\/\/laboratorios.ufpr.br\/lpga\/wp-json\/wp\/v2\/media?parent=309"}],"curies":[{"name":"wp","href":"https:\/\/api.w.org\/{rel}","templated":true}]}}