{"id":33,"date":"2025-07-10T12:17:39","date_gmt":"2025-07-10T15:17:39","guid":{"rendered":"https:\/\/laboratorios.ufpr.br\/numaap\/apresentacao\/"},"modified":"2025-11-30T12:55:40","modified_gmt":"2025-11-30T15:55:40","slug":"apresentacao","status":"publish","type":"page","link":"https:\/\/laboratorios.ufpr.br\/numaap\/","title":{"rendered":"Apresenta\u00e7\u00e3o"},"content":{"rendered":"\n<p>NuMAAP &#8211; N\u00facleo de Monitoramento e Avalia\u00e7\u00e3o de \u00c1reas Protegidas.<\/p>\n\n\n\n<p>As unidades de conserva\u00e7\u00e3o s\u00e3o instrumentos importantes para a gest\u00e3o ambiental, com potencial para consolidar objetivos de conserva\u00e7\u00e3o da biodiversidade e uso sustent\u00e1vel dos recursos naturais. Uma das quest\u00f5es-chave reside em avaliar de que forma as unidades de conserva\u00e7\u00e3o tem conseguido cumprir seus objetivos de cria\u00e7\u00e3o, e de que maneira os instrumentos de gest\u00e3o existentes contribu\u00edram para melhorar o desempenho da gest\u00e3o, ap\u00f3s quase 25 anos do Sistema Nacional de Unidades de Conserva\u00e7\u00e3o &#8211; SNUC. Importante avaliar como as unidades de conserva\u00e7\u00e3o podem ser concebidas como um mecanismo de promo\u00e7\u00e3o de desenvolvimento sustent\u00e1vel, criando oportunidades de trabalho e renda, e de combate a fome e redu\u00e7\u00e3o da pobreza, de forma a atender aos objetivos de desenvolvimento sustent\u00e1vel (ODS). <\/p>\n\n\n\n<p>Compreender o desempenho da gest\u00e3o constitui parte importante do processo de implementa\u00e7\u00e3o de uma unidade de conserva\u00e7\u00e3o, podendo ser realizada por diversas abordagens dispon\u00edveis. No entanto, aquelas abordagens r\u00e1pidas, conduzidas por atores externos, acabam por n\u00e3o priorizar uma vis\u00e3o mais aprofundada da din\u00e2mica local-regional dos fatores que podem afetar o desempenho de gest\u00e3o das unidades de conserva\u00e7\u00e3o. Ainda, apesar da relev\u00e2ncia dos estudos sobre a qualidade da gest\u00e3o das unidades de conserva\u00e7\u00e3o, muitos destes est\u00e3o dispersos e os resultados s\u00e3o desconhecidos pelos usu\u00e1rios das unidades de conserva\u00e7\u00e3o e, at\u00e9 mesmo dos gestores. Diversas bases de dados possuem informa\u00e7\u00f5es relevantes que, quando integradas e analisadas utilizando modelos robustos, podem oferecer subs\u00eddios \u00e0 tomada de decis\u00e3o, e responder a temas importantes, como, por exemplo: i) o estado de conserva\u00e7\u00e3o dos recursos e valores da unidade de conserva\u00e7\u00e3o; ii) a vulnerabilidade social e ecol\u00f3gica de unidades de conserva\u00e7\u00e3o em tend\u00eancias de mudan\u00e7as clim\u00e1ticas; ii) oportunidades para a promo\u00e7\u00e3o de estrat\u00e9gias de desenvolvimento local e territorial, tomando por base os recursos e valores das unidades de conserva\u00e7\u00e3o, entre outros. Ainda, para al\u00e9m da base de informa\u00e7\u00f5es e an\u00e1lises, provendo resultados relevantes, torna-se necess\u00e1rio tamb\u00e9m construir espa\u00e7os de di\u00e1logo e aprendizagem, para que os diferentes atores da gest\u00e3o das unidades de conserva\u00e7\u00e3o possam desenvolver capacidades e construir empoderamento no seu papel de gestor e representante nos espa\u00e7os de tomada de decis\u00e3o. Nesta perspectiva, o monitoramento e a avalia\u00e7\u00e3o participativa s\u00e3o partes integrantes e estruturantes do \u201cfazer gest\u00e3o\u201d, e constituem-se em processos relevantes de aprendizagem social e institucional para melhorar o desempenho da gest\u00e3o de unidades de conserva\u00e7\u00e3o.<\/p>\n\n\n\n<p>A cria\u00e7\u00e3o do NUMAAP visa apoiar o planejamento e gest\u00e3o de unidades de conserva\u00e7\u00e3o, de forma a avaliar diferentes dimens\u00f5es e repercuss\u00f5es ds \u00e1reas protegidas. <\/p>\n","protected":false},"excerpt":{"rendered":"<p>NuMAAP &#8211; N\u00facleo de Monitoramento e Avalia\u00e7\u00e3o de \u00c1reas Protegidas. As unidades de conserva\u00e7\u00e3o s\u00e3o instrumentos importantes para a gest\u00e3o ambiental, com potencial para consolidar objetivos de conserva\u00e7\u00e3o da biodiversidade e uso sustent\u00e1vel dos recursos naturais. Uma das quest\u00f5es-chave reside em avaliar de que forma as unidades de conserva\u00e7\u00e3o tem conseguido cumprir seus objetivos de [&hellip;]<\/p>\n","protected":false},"author":7,"featured_media":0,"parent":0,"menu_order":0,"comment_status":"closed","ping_status":"closed","template":"page.php","meta":{"footnotes":""},"class_list":["post-33","page","type-page","status-publish","hentry"],"_links":{"self":[{"href":"https:\/\/laboratorios.ufpr.br\/numaap\/wp-json\/wp\/v2\/pages\/33","targetHints":{"allow":["GET"]}}],"collection":[{"href":"https:\/\/laboratorios.ufpr.br\/numaap\/wp-json\/wp\/v2\/pages"}],"about":[{"href":"https:\/\/laboratorios.ufpr.br\/numaap\/wp-json\/wp\/v2\/types\/page"}],"author":[{"embeddable":true,"href":"https:\/\/laboratorios.ufpr.br\/numaap\/wp-json\/wp\/v2\/users\/7"}],"replies":[{"embeddable":true,"href":"https:\/\/laboratorios.ufpr.br\/numaap\/wp-json\/wp\/v2\/comments?post=33"}],"version-history":[{"count":5,"href":"https:\/\/laboratorios.ufpr.br\/numaap\/wp-json\/wp\/v2\/pages\/33\/revisions"}],"predecessor-version":[{"id":344,"href":"https:\/\/laboratorios.ufpr.br\/numaap\/wp-json\/wp\/v2\/pages\/33\/revisions\/344"}],"wp:attachment":[{"href":"https:\/\/laboratorios.ufpr.br\/numaap\/wp-json\/wp\/v2\/media?parent=33"}],"curies":[{"name":"wp","href":"https:\/\/api.w.org\/{rel}","templated":true}]}}