{"id":353,"date":"2025-11-30T14:50:52","date_gmt":"2025-11-30T17:50:52","guid":{"rendered":"https:\/\/laboratorios.ufpr.br\/numaap\/?page_id=353"},"modified":"2025-11-30T14:56:35","modified_gmt":"2025-11-30T17:56:35","slug":"equipe","status":"publish","type":"page","link":"https:\/\/laboratorios.ufpr.br\/numaap\/equipe\/","title":{"rendered":"Equipe"},"content":{"rendered":"\n<p>A equipe do LAPE-CT \u00e9 formada por professores, doutorandos, p\u00f3s-doutorandos, mestrandos, graduandos, t\u00e9cnicos e estudantes de ensino m\u00e9dio.<\/p>\n\n\n\n<p><strong>Equipe do DGEOG vinculada ao LAPE-CT<\/strong><\/p>\n\n\n\n<p><a href=\"http:\/\/lattes.cnpq.br\/8155497958454484\">Prof. Dr. Rodrigo Pereira Medeiros<\/a><\/p>\n\n\n\n<p><a href=\"http:\/\/lattes.cnpq.br\/5926113161758766\">Prof. Dr. Fabio Marcelo Breunig<\/a><\/p>\n\n\n\n<p><a href=\"http:\/\/lattes.cnpq.br\/3499089918136439\">Prof\u00aa. Dr\u00aa. L\u00eddia Aumond Kuhn<\/a><\/p>\n\n\n\n<p><a href=\"http:\/\/lattes.cnpq.br\/3011361852627614\">Prof. Dr. Tony Vinicius Moreira Sampaio<\/a><\/p>\n\n\n\n<p><a href=\"http:\/\/lattes.cnpq.br\/6160873798115347\">Prof. Dr. Edenilson Roberto do Nascimento <\/a><\/p>\n\n\n\n<p><a href=\"http:\/\/lattes.cnpq.br\/5534145837431294\">Prof\u00aa. Dr\u00aa. Catherine Torres de Almeida&nbsp;<\/a><\/p>\n\n\n\n<p><a href=\"http:\/\/lattes.cnpq.br\/9400078367890458\">Prof\u00aa. Dr\u00aa. Elaine de C\u00e1cia de Lima Frick&nbsp;<\/a><\/p>\n\n\n\n<p><a href=\"http:\/\/lattes.cnpq.br\/5392383672857589\">Prof. Dr.&nbsp;Elias Fernando Berra<\/a><\/p>\n\n\n\n<p><a href=\"http:\/\/lattes.cnpq.br\/4511214562924677\">Prof\u00aa. Dr\u00aa. Dinameres Aparecida Antunes<\/a><\/p>\n\n\n\n<p><\/p>\n","protected":false},"excerpt":{"rendered":"<p>A equipe do LAPE-CT \u00e9 formada por professores, doutorandos, p\u00f3s-doutorandos, mestrandos, graduandos, t\u00e9cnicos e estudantes de ensino m\u00e9dio. Equipe do DGEOG vinculada ao LAPE-CT Prof. Dr. Rodrigo Pereira Medeiros Prof. Dr. Fabio Marcelo Breunig Prof\u00aa. Dr\u00aa. L\u00eddia Aumond Kuhn Prof. Dr. Tony Vinicius Moreira Sampaio Prof. Dr. Edenilson Roberto do Nascimento Prof\u00aa. Dr\u00aa. Catherine Torres [&hellip;]<\/p>\n","protected":false},"author":29,"featured_media":0,"parent":0,"menu_order":0,"comment_status":"closed","ping_status":"closed","template":"","meta":{"footnotes":""},"class_list":["post-353","page","type-page","status-publish","hentry"],"_links":{"self":[{"href":"https:\/\/laboratorios.ufpr.br\/numaap\/wp-json\/wp\/v2\/pages\/353","targetHints":{"allow":["GET"]}}],"collection":[{"href":"https:\/\/laboratorios.ufpr.br\/numaap\/wp-json\/wp\/v2\/pages"}],"about":[{"href":"https:\/\/laboratorios.ufpr.br\/numaap\/wp-json\/wp\/v2\/types\/page"}],"author":[{"embeddable":true,"href":"https:\/\/laboratorios.ufpr.br\/numaap\/wp-json\/wp\/v2\/users\/29"}],"replies":[{"embeddable":true,"href":"https:\/\/laboratorios.ufpr.br\/numaap\/wp-json\/wp\/v2\/comments?post=353"}],"version-history":[{"count":4,"href":"https:\/\/laboratorios.ufpr.br\/numaap\/wp-json\/wp\/v2\/pages\/353\/revisions"}],"predecessor-version":[{"id":361,"href":"https:\/\/laboratorios.ufpr.br\/numaap\/wp-json\/wp\/v2\/pages\/353\/revisions\/361"}],"wp:attachment":[{"href":"https:\/\/laboratorios.ufpr.br\/numaap\/wp-json\/wp\/v2\/media?parent=353"}],"curies":[{"name":"wp","href":"https:\/\/api.w.org\/{rel}","templated":true}]}}