{"id":36,"date":"2025-07-10T12:17:39","date_gmt":"2025-07-10T15:17:39","guid":{"rendered":"https:\/\/laboratorios.ufpr.br\/numaap\/projetos\/"},"modified":"2025-11-30T15:09:40","modified_gmt":"2025-11-30T18:09:40","slug":"projetos","status":"publish","type":"page","link":"https:\/\/laboratorios.ufpr.br\/numaap\/projetos\/","title":{"rendered":"Projetos"},"content":{"rendered":"\n<p>2025 &#8211; Atual &#8211; Projet TAJ &#8211; NUMAP\/UC-PR: N\u00facleo de Monitoramento e Avalia\u00e7\u00e3o Participativa da Gest\u00e3o de Unidades de Conserva\u00e7\u00e3o do Estado do Paran\u00e1. Chamada Projetos de Repara\u00e7\u00e3o de Danos Ambientais &#8211; Caso Petrobras. O ojjetivo \u00e9 consolidar o N\u00facleo de Monitoramento e Avalia\u00e7\u00e3o Participativa da Gest\u00e3o de Unidades de Conserva\u00e7\u00e3o do Estado do Paran\u00e1 \u2013 NUMAP\/UC-PR, com a finalidade de desenvolver metodologias e abordagens participativas de avalia\u00e7\u00e3o e monitoramento da gest\u00e3o de unidades de conserva\u00e7\u00e3o localizadas no estado do Paran\u00e1, priorizando em primeiro momento, unidades de conserva\u00e7\u00e3o estaduais que ser\u00e3o previamente selecionadas como estudos de caso piloto.<\/p>\n\n\n\n<p>2025 &#8211; atual &#8211; FUNBIO. Canoa, fog\u00e3o e mesa: a pesca artesanal mais sustent\u00e1vel e qualificada. O projeto busca fortalecer a pesca artesanal, com maior sustent\u00e1bilidade e qualifica\u00e7\u00e3o, unindo a capacita\u00e7\u00e3o para o uso da canoa, a valoriza\u00e7\u00e3o do pescado atrav\u00e9s da cria\u00e7\u00e3o de produtos e o aproveitamento de subprodutos na cozinha e na culin\u00e1ria. O objetivo \u00e9 aumentar a renda dos pescadores, melhorar o aproveitamento total do peixe e transformar a atividade em uma fonte de renda e cultura ainda mais resiliente.<\/p>\n\n\n\n<p>2024-2025 &#8211; Projeto FDA &#8211; N\u00facleo Estrat\u00e9gico de Avalia\u00e7\u00e3o e Monitoramento de \u00c1reas Protegidas da Regi\u00e3o Sul do Brasil. Ojetivo Estruturar um n\u00facleo de coordena\u00e7\u00e3o de a\u00e7\u00f5es estrat\u00e9gicas em suporte \u00e0 avalia\u00e7\u00e3o emonitoramento da gest\u00e3o de \u00e1reas protegidas brasileiras no departamento de geografia da UFPR.<\/p>\n\n\n\n<p><\/p>\n","protected":false},"excerpt":{"rendered":"<p>2025 &#8211; Atual &#8211; Projet TAJ &#8211; NUMAP\/UC-PR: N\u00facleo de Monitoramento e Avalia\u00e7\u00e3o Participativa da Gest\u00e3o de Unidades de Conserva\u00e7\u00e3o do Estado do Paran\u00e1. Chamada Projetos de Repara\u00e7\u00e3o de Danos Ambientais &#8211; Caso Petrobras. O ojjetivo \u00e9 consolidar o N\u00facleo de Monitoramento e Avalia\u00e7\u00e3o Participativa da Gest\u00e3o de Unidades de Conserva\u00e7\u00e3o do Estado do Paran\u00e1 [&hellip;]<\/p>\n","protected":false},"author":7,"featured_media":0,"parent":0,"menu_order":0,"comment_status":"closed","ping_status":"closed","template":"page.php","meta":{"footnotes":""},"class_list":["post-36","page","type-page","status-publish","hentry"],"_links":{"self":[{"href":"https:\/\/laboratorios.ufpr.br\/numaap\/wp-json\/wp\/v2\/pages\/36","targetHints":{"allow":["GET"]}}],"collection":[{"href":"https:\/\/laboratorios.ufpr.br\/numaap\/wp-json\/wp\/v2\/pages"}],"about":[{"href":"https:\/\/laboratorios.ufpr.br\/numaap\/wp-json\/wp\/v2\/types\/page"}],"author":[{"embeddable":true,"href":"https:\/\/laboratorios.ufpr.br\/numaap\/wp-json\/wp\/v2\/users\/7"}],"replies":[{"embeddable":true,"href":"https:\/\/laboratorios.ufpr.br\/numaap\/wp-json\/wp\/v2\/comments?post=36"}],"version-history":[{"count":3,"href":"https:\/\/laboratorios.ufpr.br\/numaap\/wp-json\/wp\/v2\/pages\/36\/revisions"}],"predecessor-version":[{"id":400,"href":"https:\/\/laboratorios.ufpr.br\/numaap\/wp-json\/wp\/v2\/pages\/36\/revisions\/400"}],"wp:attachment":[{"href":"https:\/\/laboratorios.ufpr.br\/numaap\/wp-json\/wp\/v2\/media?parent=36"}],"curies":[{"name":"wp","href":"https:\/\/api.w.org\/{rel}","templated":true}]}}