{"id":39,"date":"2025-07-10T12:17:40","date_gmt":"2025-07-10T15:17:40","guid":{"rendered":"https:\/\/laboratorios.ufpr.br\/numaap\/publicacoes\/"},"modified":"2025-11-30T15:12:47","modified_gmt":"2025-11-30T18:12:47","slug":"publicacoes","status":"publish","type":"page","link":"https:\/\/laboratorios.ufpr.br\/numaap\/publicacoes\/","title":{"rendered":"Publica\u00e7\u00f5es"},"content":{"rendered":"\n<h2 class=\"wp-block-heading\">2025<\/h2>\n\n\n\n<p>MOSIG, CLEMENS ; VAJNA-JEHLE, JANUSCH ; MAHECHA, MIGUEL D. ; CHENG, YAN ; HARTMANN, HENRIK ; MONTERO, DAVID ; JUNTTILA, SAMULI ; HORION, ST\u00c9PHANIE ; SCHWENKE, MIRELA BELOIU ; KOONTZ, MICHAEL J. ; MAULUD, KHAIRUL NIZAM ABDUL ; ADU-BREDU, STEPHEN ; AL-HALBOUNI, DJAMIL ; ALI, MUHAMMAD ; ALLEN, MATTHEW ; ALTMAN, JAN ; AMOR\u00d3S, LOT ; ANGIOLINI, CLAUDIA ; ASTRUP, RASMUS ; BREUNIG, F\u00e1bio Marcelo ; et.al . deadtrees.earth &#8211; An open-access and interactive database for centimeter-scale aerial imagery to uncover global tree mortality dynamics. REMOTE SENSING OF ENVIRONMENT, v. 332, p. 115027, 2026.<\/p>\n\n\n\n<p>BUSS, E. C. G. ; BUSS, C. E. ; BIAGI, C. A. O. ; OLIVEIRA, I. M. ; PERONNI, K. C. ; VITIELLO, G. A. F. ; FERMINO, B. L. ; IVANSKI, F. ; CHAO, B. M. P. ; TUON, F. F. B. ; FOLLADOR, F. A. C. ; LUCIO, L. C. ; FERRETO, L. E. D. ; PILLEGI, M. ; VISENTAINER, J. E. L. ; CONSOLARO, M. E. L. ; TERENCIO, M. L. ; BERTOLINI, D. A. ; JORGE, A. S. ; SAMPAIO, T. V. M. ; et.al . Unveiling the Dynamics of SARS-CoV-2 Gamma and Delta Waves in Paran\u00e1, Brazil &#8211; Delta displacing a persistent Gamma through alternative routes of dispersal. Journal of Medical Virology, v. 97, p. 1, 2025.<\/p>\n\n\n\n<p>SAMPAIO, TONY VINICIUS MOREIRA; ROCHA, JORGE ; VIANA, C. M. ; CAMBOIM, S. P. ; BREUNIG, F\u00c1BIO MARCELO ; NASCIMENTO, E. R. ; FRICK, ELAINE DE CACIA DE LIMA . Algorithm for Analyzing Randomness in Point Patterns. METHODSX, v. x, p. 103360, 2025.<\/p>\n\n\n\n<p>BREUNIG, F\u00c1BIO MARCELO ; MANCUSO, MALVA ANDREA ; COIMBRA, ANA CLARA AMALIA ; SANTOS, LEONARDO JOS\u00c9 CORDEIRO ; HEMPE, TAIS CRISTINA ; FRICK, ELAINE DE CACIA DE LIMA ; NASCIMENTO, EDENILSON ROBERTO DO ; SAMPAIO, TONY VINICIUS MOREIRA ; GAIDA, WILLIAM ; BERRA, ELIAS FERNANDO ; TRENTIN, ROM\u00c1RIO ; OTHMAN, ARSALAN AHMED ; LIESENBERG, VERALDO . Multiscale Remote Sensing Data Integration for Gully Erosion Monitoring in Southern Brazil: Case Study. Agriengineering, v. 7, p. 212, 2025.<\/p>\n\n\n\n<p>GAMBOA, A. C. ; GAIDA, W. ; VOLPI, G. B. ; DEITOS, T. ; MACHADO, A. M. A. ; BREUNIG, F\u00e1bio Marcelo ; ROSA, G. M. ; FLACH, K. A. . Microplastics in rivers of South America: An emerging area of research. SOCIEDADE &amp; NATUREZA (UFU. ONLINE), v. 37, p. 1-18, 2025.<\/p>\n\n\n\n<p>OTHMAN, ARSALAN AHMED ; ALI, SALAHALDDIN S. ; OBAID, AHMED K. ; SALAR, SARKAWT G. ; AL-KAKEY, OMEED ; AL-SAADY, YOUNUS I. ; LATIF, SARMAD DASHTI ; LIESENBERG, VERALDO ; NETO, SILVIO LU\u00cdS RAFAELI ; BREUNIG, FABIO MARCELO ; HASAN, SYED E. . Satellite-derived shallow water depths estimation using remote sensing and artificial intelligence models, a case study: Darbandikhan Lake Upper, Kurdistan Region, Iraq. Remote Sensing Applications-Society And Environment, v. 37, p. 101432, 2025.<\/p>\n\n\n\n<p>MIDON, M\u00c1RCIO ; FARIA, ANA PAULA NETO DE ; BREUNIG, F\u00e1bio Marcelo . URBAN POTENTIALITIES: A TEMPORAL ANALYSIS IN THE LARANJAL DISTRICT IN PELOTAS\/RS. Caminhos de Geografia, v. 26, p. 29-43, 2025.<\/p>\n\n\n\n<p>FINGER, A. P. ; FERREIRA, R. L. C. ; LANA, M. D. ; SILVA, J. A. A. ; SILVA, E. A. ; BREUNIG, F\u00e1bio Marcelo ; DA CONCEI\u00c7\u00c3O BISPO, POLYANNA ; LIESENBERG, V. ; NOGUEIRA, S. S. . Comparison Between Traditional Forest Inventory and Remote Sensing with Random Forest for Estimating the Periodic Annual Increment in a Dry Tropical Forest. Forests, v. 16, p. 998, 2025.<\/p>\n\n\n\n<p>WAGNER, FABIEN H. ; BREUNIG, F\u00e1bio Marcelo ; BALBINOT, RAFAELO ; SILVA, EMANUEL ARA\u00daJO ; SOARES, MESSIAS CARNEIRO ; KRAMM, MARCO ANTONIO ; HIRYE, MAYUMI C. M. ; CARTER, GRIFFIN ; DALAGNOL, RICARDO ; HAGEN, STEPHEN C. ; SAATCHI, SASSAN . Monitoring the Early Growth of Pinus and Eucalyptus Plantations Using a Planet NICFI-Based Canopy Height Model: A Case Study in Riqueza, Brazil. Remote Sensing, v. 17, p. 2718, 2025.<\/p>\n\n\n\n<p>BREUNIG, F\u00e1bio Marcelo; NASCIMENTO, EDENILSON ROBERTO DO ; SAMPAIO, T. V. M. ; BERRA, ELIAS FERNANDO ; FRICK, ELAINE DE CACIA DE LIMA ; ADAMI, Marcos ; GALV\u00c3O, L\u00eanio Soares ; TRENTIN, ROMARIO ; GAIDA, W. ; SANTOS, L. J. C. ; FREITAS, Jos\u00e9 Guilherme . SAND FRACTION ESTIMATION IN THE TOPSOIL OF THE PANTANAL BIOME: A PRELIMINARY APPROACH USING EMISSIVITY DATA. Revista Ra&#8217;e Ga \u00bf Espa\u00e7o Geogr\u00e1fico em An\u00e1lise, v. 63, p. 57-75, 2025.<\/p>\n\n\n\n<h2 class=\"wp-block-heading\">2024<\/h2>\n\n\n\n<p>NETHER, MICHELE CRISTINA ; ANDRIGUETTO-FILHO, JOS\u00c9 MILTON ; NOERNBERG, MAURICIO ALMEIDA ; CATTANI, ANDR\u00c9 PEREIRA ; MESQUISTA, ISABELI CRISTINA GOMES ; MEDEIROS, Rodrigo PEREREIRA ; BATISTA, CARLOS SCHNEIDER ; GUANAIS, JOS\u00c9 HUGO DIAS GODIM ; LANA, PAULO DA CUNHA ; DI DOMENICO, MAIKON . Resilience patterns in the analysis of social-ecological networks of small-scale fishing in a subtropical estuarine system. OCEAN &amp; COASTAL MANAGEMENT, v. 259, p. 107460, 2024.<\/p>\n\n\n\n<p>SAMPAIO, TONY VINICIUS MOREIRA; BUSS, E. C. G. ; SILVA, C. L. ; ALFIERI, D. F. ; NEGRAO, G. N. ; PELEGRINA, M. A. ; FONTAO, P. A. B. . PROCEDIMENTOS PARA ESTIMATIVA DA VELOCIDADE DE DISSEMINA\u00c7\u00c3O DE DOEN\u00c7AS ?UM ESTUDO DE CASO COM DADOS DA COVID-19 NO ESTADO DO PARAN\u00c1. Hygeia.Revista Brasileira de Geografia M\u00e9dica e da Sa\u00fade, v. 20, p. e2034-13, 2024.<\/p>\n\n\n\n<p>BREUNIG, F\u00c1BIO MARCELO ; DALAGNOL, RICARDO ; GALV\u00c3O, L\u00caNIO SOARES ; BISPO, POLYANNA DA CONCEI\u00c7\u00c3O ; LIU, QING ; BERRA, ELIAS FERNANDO ; GAIDA, WILLIAM ; LIESENBERG, VERALDO ; SAMPAIO, TONY VINICIUS MOREIRA . Monitoring Cover Crop Biomass in Southern Brazil Using Combined PlanetScope and Sentinel-1 SAR Data. Remote Sensing, v. 16, p. 2686, 2024.<\/p>\n\n\n\n<p>DA CONCEI\u00c7\u00c3O BISPO, POLYANNA ; PICOLI, MICHELLE C. A. ; MARIMON, BEATRIZ SCHWANTES ; MARIMON JUNIOR, BEN HUR ; PERES, CARLOS A. ; MENOR, IMMA OLIVERAS ; SILVA, DANIEL E. ; DE FIGUEIREDO MACHADO, FL\u00c1VIA ; ALENCAR, ANE A. C. ; DE ALMEIDA, CL\u00c1UDIO A. ; ANDERSON, LIANA O. ; ARAG\u00c3O, LUIZ E. O. C. ; BREUNIG, F\u00e1bio Marcelo ; BUSTAMANTE, MERCEDES ; DALAGNOL, RICARDO ; DINIZ-FILHO, JOS\u00c9 ALEXANDRE F. ; FERREIRA, LAERTE G. ; FERREIRA, MANUEL E. ; FISCH, GILBERTO ; GALV\u00c3O, L\u00eanio Soares ; et.al . Overlooking vegetation loss outside forests imperils the Brazilian Cerrado and other non-forest biomes. Nature Ecology &amp; Evolution, v. x, p. 1-2, 2024<\/p>\n\n\n\n<p>NASCIMENTO, E. R. ; SESSEGOLO, G. C. ; BERRA, E. F. ; SILVEIRA, C. T. ; SAMPAIO, T. V. M. . A MINERA\u00c7\u00c3O EM ROCHAS CARBON\u00c1TICAS NA REGI\u00c3O METROPOLITANA DE CURITIBA- PR: DESAFIOS PARA A PRESERVA\u00c7\u00c3O DO PATRIM\u00d4NIO C\u00c1RSTICO E ESPELEOL\u00d3GICO. Revista Ra&#8217;e Ga \u00bf Espa\u00e7o Geogr\u00e1fico em An\u00e1lise, v. 59, p. 43-58, 2024.<\/p>\n\n\n\n<p>SALVADOR, M. S. S. ; LUCENA, D. B. ; SOUZA, B. I. ; SAMPAIO, T. V. M. ; BORGES NETO, I. O. . TEND\u00caNCIAS DE PRECIPITA\u00c7\u00c3O E TEMPERATURA NA REGI\u00c3O SEMI\u00c1RIDA DO BRASIL: ESTUDO DE CASO NO CARIRI PARAIBANO. Revista Ra&#8217;e Ga \u00bf Espa\u00e7o Geogr\u00e1fico em An\u00e1lise, v. 59, p. 102, 2024.<\/p>\n\n\n\n<p>GAIDA, W. ; ERTHAL, D. A. ; BREUNIG, FABIO MARCELO ; SAMPAIO, TONY VINICIUS MOREIRA ; SPOHR, R. B. . Avalia\u00e7\u00e3o de modelos digitais de eleva\u00e7\u00e3o para an\u00e1lise hidrol\u00f3gica em ambientes florestais: estudo de caso do Parque Estadual do Turvo, Rio Grande do Sul. GEOGRAFIA ENSINO &amp; PESQUISA, v. 28, p. 1-24, 2024.<\/p>\n\n\n\n<p>ERTHAL, D. A. ; GAIDA, W. ; BREUNIG, F\u00e1bio Marcelo . Caracteriza\u00e7\u00e3o Geomorfol\u00f3gica do Parque Estadual do Turvo e a sua influ\u00eancia na rela\u00e7\u00e3o da distribui\u00e7\u00e3o Fitossociol\u00f3gica das esp\u00e9cies arb\u00f3reas. GEOGRAFIA ENSINO &amp; PESQUISA, v. 28, p. e84597, 2024.<\/p>\n\n\n\n<p>TRENTIN, Rom\u00e1rio ; ROBAINA, Luis Eduardo de Souza ; BREUNIG, F\u00e1bio Marcelo . An\u00e1lise dos elementos geomorfol\u00f3gicos no Parque Estadual do Turvo &#8211; Rio Grande do Sul &#8211; Brasil. GEOGRAFIA. ENSINO &amp; PESQUISA (UFSM), v. 28, p. e84575, 2024.<\/p>\n\n\n\n<p>CUCHI, TARIK ; BOBROWSKI, ROG\u00c9RIO ; W&#8221;YK, PIOTR ; BREUNIG, F\u00e1bio Marcelo ; PESCK, VAGNER ALEX . Contributions to a global understanding of socioenvironmental justice related to urban forest: Trends from Brazilian cities in the southeastern Paran\u00e1 State. URBAN FORESTRY &amp; URBAN GREENING, v. 95, p. 128322, 2024.<\/p>\n\n\n\n<p>KONZEN, I. S. ; GAMBOA, A. C. ; GAIDA, W. ; ROSA, G. M. ; FLACH, K. A. ; BONE, U. A. ; BREUNIG, F\u00e1bio Marcelo ; MENDONCA, A. M. ; MAHNKE, M. R. ; MACIEL, D. H. . IMPACT OF ANTHROPOGENIC ACTIVITIES AND LAND USE ON WATER QUALITY: AN ANALYSIS IN MICROBASINS IN RIO GRANDE DO SUL, BRAZIL. Hygeia.Revista Brasileira de Geografia M\u00e9dica e da Sa\u00fade, v. 20, p. 1-17, 2024.<\/p>\n\n\n\n<p>BERRA, E. F. ; FONTANA, D. C. ; YIN, F. ; BREUNIG, F\u00e1bio Marcelo . Harmonized Landsat and Sentinel-2 Data with Google Earth Engine. Remote Sensing, v. 16, p. 1-23, 2024.<\/p>\n\n\n\n<p>SANTOS, L. J. C. ; OLIVEIRA, J. G. ; BREUNIG, F\u00e1bio Marcelo ; CALEGARI, M. R. ; FIDALSKI, J. . Sandy soil spots in northwestern Paran\u00e1: approaches for identification and quantification \/ Abordagens para identifica\u00e7\u00e3o e quantifica\u00e7\u00e3o de manchas arenosas no noroeste do Paran\u00e1. REVISTA BRASILEIRA DE GEOMORFOLOGIA, v. 25, p. e2614-17, 2024.<\/p>\n\n\n\n<h2 class=\"wp-block-heading\">2023<\/h2>\n\n\n\n<p>MESQUITA, ISABELI CRISTINA GOMES ; Medeiros, Rodrigo Pereira . Integrating research and fishing extension approaches to engage small-scale fishers in the participatory evaluation and voluntary use of bycatch reduction devices. MARINE POLICY, v. 152, p. 105599, 2023.<\/p>\n\n\n\n<p>SAMPAIO, TONY VINICIUS MOREIRA; RODRIGUES, T. L. ; GONCALVES, J. E. . ACUR\u00c1CIA VERTICAL DE MODELOS DIGITAIS DE ELEVA\u00c7\u00c3O PRODUZIDOS COM DIFERENTES RESOLU\u00c7\u00d5ES ESPACIAIS, \u00c1REAS DE ABRANG\u00caNCIA E, PROCESSOS DE GERA\u00c7\u00c3O ? CASO DE ESTUDO PARA O ESTADO DO PARAN\u00c1 &#8211; BR. Revista Ra&#8217;e Ga \u00bf Espa\u00e7o Geogr\u00e1fico em An\u00e1lise, v. 53, p. 160-181, 2022.<\/p>\n\n\n\n<p>ERTHAL, D. A. ; BREUNIG, F\u00e1bio Marcelo ; BALBINOT, RAFAELO . DIN\u00c2MICA ESPACIAL DO ESTOQUE DE BIOMASSA E CARBONO EM REMANESCENTES FLORESTAIS NO RIO GRANDE DO SUL &#8211; BRASIL. BIOFIX SCIENTIFIC JOURNAL (ONLINE), v. 8, p. 01-9, 2023.<\/p>\n\n\n\n<p>19.<br>SIMOES, G. Z. ; BREUNIG, F\u00e1bio Marcelo ; KUX, H. J. H. ; PEREIRA, L. H. . Canopy Height Estimation of Three Sugarcane Varieties Using an Unmanned Aerial Vehicle (UAV). GEOGRAFIA ENSINO &amp; PESQUISA, v. 27, p. 1-25, 2023.<\/p>\n\n\n\n<p>GAIDA, WILLIAM ; BREUNIG, F\u00e1bio Marcelo ; BALBINOT, RAFAELO ; GALV\u00c3O, L\u00eanio Soares ; MOURA, YHASMIM MENDES . DIRECTIONAL EFFECTS ON THE SPECTRAL RESPONSE OF PINUS ELLIOTTII STANDS CULTIVATED IN SUBTROPICAL LATITUDES. Revista Ra&#8217;e Ga \u00bf Espa\u00e7o Geogr\u00e1fico em An\u00e1lise, v. 56, p. 140-161, 2023<\/p>\n\n\n\n<p>FRICK, ELAINE DE CACIA DE LIMA ; SAMPAIO, TONY VINICIUS MOREIRA ; BREUNIG, FABIO MARCELO . AN\u00c1LISE DO EFEITO TOPOGR\u00c1FICO SOBRE \u00cdNDICES DE VEGETA\u00c7\u00c3O UTILIZANDO IMAGENS RAPIDEYE NA SERRA DO MAR &#8211; PR. Revista Ra&#8217;e Ga \u00bf Espa\u00e7o Geogr\u00e1fico em An\u00e1lise, v. 56, p. 43-62, 2023.<\/p>\n\n\n\n<p>BREUNIG, F\u00e1bio Marcelo; WOLLMANN, C. A. ; TRENTIN, Rom\u00e1rio ; PEREIRA FILHO, WATERLOO ; CARDOSO, E. S. ; FIGUEIRO, A. S. ; MEURER, A. C. ; SCCOTI, A. A. V. ; COSTA, B. P. ; BORBA, A. W. ; FLORES, C. R. ; NUMMER, A. V. ; DAVID, C. ; PETSCH, C. ; CHELOTTI, M. C. ; FOLETO, E. M. ; BATISTA, N. L. ; FARIA, R. M. ; ROBAINA, Luis Eduardo de Souza ; WERLANG, M. K. ; et.al . Um olhar sobre o Programa de P\u00f3s-Gradua\u00e7\u00e3o em Geografia (PPGGEO) da Universidade Federal de Santa Maria (UFSM): vinte anos de hist\u00f3ria ? 2003-2023. REVISTA DA ANPEGE, v. 19, p. 1-23, 2023.<\/p>\n\n\n\n<p>RADEMANN, LUCAS KREIN ; TRENTIN, ROMARIO ; ROBAINA, LU\u00cdS EDUARDO DE SOUZA ; BREUNIG, FABIO MARCELO . AVALIA\u00c7\u00c3O DA DIN\u00c2MICA DE BANCOS DE AREIA COM IMAGENS DE ALTA RESOLU\u00c7\u00c3O NO RIO AREAL DO LIMEIRA, SUL DO BRASIL. Revista Ra&#8217;e Ga \u00bf Espa\u00e7o Geogr\u00e1fico em An\u00e1lise, v. 57, p. 3, 2023.<\/p>\n\n\n\n<p>FERLA, A. ; BREUNIG, F\u00e1bio Marcelo ; BALBINOT, RAFAELO ; DALAGNOL, R. . Mapping Pinus spp. forests stands and land cover classes using PlanetScope satellite data: experimenting images from different seasons and machine learning methods. RBC. REVISTA BRASILEIRA DE CARTOGRAFIA (ONLINE), v. 75, p. 1-14, 2023.<\/p>\n\n\n\n<h2 class=\"wp-block-heading\">2022<\/h2>\n\n\n\n<p>SAMPAIO, TONY VINICIUS MOREIRA; RODRIGUES, T. L. ; GONCALVES, J. E. . ACUR\u00c1CIA VERTICAL DE MODELOS DIGITAIS DE ELEVA\u00c7\u00c3O PRODUZIDOS COM DIFERENTES RESOLU\u00c7\u00d5ES ESPACIAIS, \u00c1REAS DE ABRANG\u00caNCIA E, PROCESSOS DE GERA\u00c7\u00c3O ? CASO DE ESTUDO PARA O ESTADO DO PARAN\u00c1 &#8211; BR. Revista Ra&#8217;e Ga \u00bf Espa\u00e7o Geogr\u00e1fico em An\u00e1lise, v. 53, p. 160-181, 2022.<\/p>\n\n\n\n<p>SAMPAIO, TONY VINICIUS MOREIRA; ROCHA, JORGE . On the quality of the drainage network cartographic representation. ECOLOGICAL INDICATORS, v. 143, p. 109350, 2022.<\/p>\n\n\n\n<p>PASINI, FERNANDO ; MANCUSO, MALVA ANDREA ; FORTES, PATRICIA RODRIGUES ; BREUNIG, F\u00e1bio Marcelo ; FRITZEN, RAFAEL RENATO . Recarga de aqu\u00edfero em Floresta Estacional Decidual nativa, Parque Estadual do Turvo (RS). CI\u00caNCIA FLORESTAL (ONLINE), v. 32, p. 206-232, 2022<\/p>\n\n\n\n<p>HADDAD, ISADORA ; GALV\u00c3O, L\u00eanio Soares ; BREUNIG, F\u00e1bio Marcelo ; DALAGNOL, RICARDO ; BOURSCHEIDT, Vandoir ; JACON, ALINE DANIELE . On the combined use of phenological metrics derived from different PlanetScope vegetation indices for classifying savannas in Brazil. Remote Sensing Applications-Society And Environment, v. 100763, p. 100764-+11, 2022<\/p>\n\n\n\n<p>ERTHAL, D. A. ; BREUNIG, F\u00e1bio Marcelo ; BALBINOT, R. ; ROSA, P. A. . FOREST BIOMASS AND CARBON ESTIMATION USING VEGETATION INDICES AND LEAF AREA INDEX. REVISTA BRASILEIRA DE GEOGRAFIA F\u00cdSICA, v. 15, p. 1815, 2022.<\/p>\n\n\n\n<p>LUCENA, F. ; BREUNIG, F\u00e1bio Marcelo ; KUX, H. J. H. . The Combined Use of UAV-Based RGB and DEM Images for the Detection and &gt; Delineation of Orange Tree Crowns with Mask R-CNN: An Approach of Labeling &gt; and Unified Framework. Future Internet, v. 10, p. 1-20, 2022.<\/p>\n\n\n\n<h2 class=\"wp-block-heading\">2021<\/h2>\n\n\n\n<p>CUBAS, M.G. ; SAMPAIO TONY VIN\u00cdCIUS, M. . Influ\u00eancia do uso do intervalo HSV na capacidade de diferencia\u00e7\u00e3o da vari\u00e1vel visual cor em mapas corocrom\u00e1ticos visualizados em meio digital. CONFINS (PARIS), v. 52, p. 1-21, 2021.<\/p>\n\n\n\n<p>PAULA, M. R. ; MATTOS, E. ; SARMENTO, F. L. ; ALBERTI, E. A. ; SANTOS, F. C. ; Pereira Filho, W. ; BREUNIG, F\u00e1bio Marcelo . RESPOSTA ESPECTRAL DA \u00c1GUA COM DIFERENTES CONCENTRA\u00c7\u00d5ES DE S\u00d3LIDOS EM SUSPENS\u00c3O. Revista Ra&#8217;e Ga \u00bf Espa\u00e7o Geogr\u00e1fico em An\u00e1lise, v. 50, p. 170, 2021.<\/p>\n\n\n\n<p>GAIDA, W. ; BREUNIG, F\u00e1bio Marcelo ; PERRANDO, EDISON ROG\u00c9RIO . Efeito Topogr\u00e1fico sobre a Resposta Espectral de Povoamentos Florestais de Pinus taeda Linnaeus no Sul do Brasil. REVISTA BRASILEIRA DE GEOGRAFIA F\u00cdSICA, v. 14, p. 3765-3787, 2021.<\/p>\n\n\n\n<h2 class=\"wp-block-heading\">2020<\/h2>\n\n\n\n<p>MARION, FABIANO ANDR\u00c9 ; SAMPAIO, TONY VINICIUS MOREIRA ; BREUNIG, FABIO MARCELO . Sensibilidade do NDVI para a Identifica\u00e7\u00e3o do Regime de Fluxo em Rios de Primeira Ordem: Estudo de Caso no Sudoeste do Paran\u00e1. RBC. REVISTA BRASILEIRA DE CARTOGRAFIA (ONLINE), v. 72, p. 517-531, 2020.<\/p>\n\n\n\n<p>BREUNIG, F\u00e1bio Marcelo; GALV\u00c3O, L\u00eanio Soares ; DALAGNOL, R. ; DAUVE, C. E. ; PARRAGA, A. ; SANTI, A. L. ; FLORA, D. P. D. ; CHEN, S. . Delineation of management zones in agricultural fields using cover-crop biomass estimates from PlanetScope data. International Journal of Applied Earth Observation and Geoinformation, v. 85, p. 102004, 2020.<\/p>\n\n\n\n<p>GAIDA, W. ; BREUNIG, F\u00e1bio Marcelo ; GALV\u00c3O, L\u00eanio Soares ; PONZONI, Fl\u00e1vio Jorge . Corre\u00e7\u00e3o Atmosf\u00e9rica em Sensoriamento Remoto: Uma Revis\u00e3o. REVISTA BRASILEIRA DE GEOGRAFIA F\u00cdSICA, v. 13, p. 229-248, 2020.<\/p>\n\n\n\n<p>PERRANDO, E. R. ; BREUNIG, F\u00e1bio Marcelo ; GALV\u00c3O, L\u00eanio Soares ; BOSTELMANN, S. L. ; MARTARELLO, V. ; STRAUBE, J. ; CONTE, B. ; SESTARI, G. ; BURGIN, M. R. B. ; MARCO, R. . Evaluation of the effects of Pine Management on the Water Yield and Quality in Southern Brazil. Journal of Sustainable Forestry, p. 1-17, 2020.<\/p>\n\n\n\n<p>BREUNIG, F\u00e1bio Marcelo; GALV\u00c3O, L\u00eanio Soares ; DALAGNOL, R. ; SANTI, A. L. ; FLORA, D. P. D. ; CHEN, S. . Assessing the effect of spatial resolution on the delineation of management zones for smallholder farming in southern Brazil. Remote Sensing Applications-Society And Environment, v. 100325, p. 100325-+15, 2020.<\/p>\n\n\n\n<p>GOMES, D. F. ; BREUNIG, F\u00e1bio Marcelo ; FONSECA, E. L. . IDENTIFICA\u00c7\u00c3O DE UNIDADES HOMOG\u00caNEAS DO BIOMA PAMPA COM USO DE IMAGENS SENTINEL-2: INFESTA\u00c7\u00c3O DO CAPIM-ANNONI-2. Revista Ra&#8217;e Ga \u00bf Espa\u00e7o Geogr\u00e1fico em An\u00e1lise, v. 8, p. 18-43, 2020.<\/p>\n\n\n\n<h2 class=\"wp-block-heading\">2019<\/h2>\n\n\n\n<p>MELLO, Y. R. ; SAMPAIO, T. V. M. . AN\u00c1LISE GEOESTAT\u00cdSTICA DA PRECIPITA\u00c7\u00c3O M\u00c9DIA PARA O ESTADO DO PARAN\u00c1. Revista Brasileira de Climatologia, v. 25, p. 643-660, 2019.<br>A3, ISSN 2237-8642,<\/p>\n\n\n\n<p>PAZ, OTAC\u00cdLIO LOPES DE SOUZA DA ; SAMPAIO, T. V. M. . AERONAVES REMOTAMENTE PILOTADAS NA PESQUISA GEOGR\u00c1FICA: UMA AN\u00c1LISE DOS USOS, APLICA\u00c7\u00d5ES E DESENVOLVIMENTO TECNOL\u00d3GICO ASSOCIADO ENTRE OS ANOS DE 2014 E 2017. REVISTA INTERFACE, v. 17, p. 23-31, 2019.<\/p>\n\n\n\n<p>BREUNIG, F\u00e1bio Marcelo; HAYAKAWA, E. H. ; BACANI, V. M. ; TRENTIN, Rom\u00e1rio ; Pereira Filho, W. ; SILVA, A. . REFLEX\u00d5ES SOBRE AS GEOTECNOLOGIAS NO CONTEXTO DA GEOGRAFIA DO BRASIL. Revista Ra&#8217;e Ga \u00bf Espa\u00e7o Geogr\u00e1fico em An\u00e1lise, v. 46, p. 185, 2019.<\/p>\n\n\n\n<p>SOUZA, A. ; GALV\u00c3O, L\u00eanio Soares ; BREUNIG, F\u00e1bio Marcelo . A hyperspectral experiment over tropical forests based on the EO-1 orbit change and PROSAIL simulation. GIScience &amp; Remote Sensing, v. 1, p. 1-17, 2019.<\/p>\n\n\n\n<p>Breunig, F\u00e1bio M.; PEREIRA FILHO, WATERLOO ; GALV\u00c3O, L\u00eanio Soares ; ALBERTI, E. A. ; GROSS, J. A. . Directional and angular effects on the spectral reflectance of waters with variable amounts of total suspended solids. Journal of Applied Remote Sensing, v. 13, p. 1-024524, 2019.<\/p>\n\n\n\n<h2 class=\"wp-block-heading\">2018<\/h2>\n\n\n\n<p>SOUSA, M. S. ; SAMPAIO, TONY VINICIUS MOREIRA . INFLU\u00caNCIA DA ACUR\u00c1CIA DE COMPLETUDE NA DELIMITA\u00c7\u00c3O DE \u00c1REAS DE PRESERVA\u00c7\u00c3O PERMANENTE. CONFINS (PARIS), v. 35, p. 1, 2018.<\/p>\n\n\n\n<p>HUNG, M. N. W. B. ; SANTOS, I. ; SAMPAIO, TONY VINICIUS MOREIRA . LEVANTAMENTO COM VE\u00cdCULO A\u00c9REO N\u00c3O TRIPULADO PARA GERA\u00c7\u00c3O DE MODELO DIGITAL DO TERRENO EM BACIA EXPERIMENTAL COM VEGETA\u00c7\u00c3O FLORESTAL ESPARSA. Revista Ra&#8217;e Ga \u00bf Espa\u00e7o Geogr\u00e1fico em An\u00e1lise, v. 43, p. 215-231, 2018.<\/p>\n\n\n\n<p>SAMPAIO, TONY VINICIUS MOREIRA; SOPCHAKI, C. H. ; PAZ, OTAC\u00cdLIO LOPES DE SOUZA DA ; GRACA, N. L. S. S. . VERIFICA\u00c7\u00c3O DA QUALIDADE DE ORTOMOSAICOS PRODUZIDOS A PARTIR DE IMAGENS OBTIDAS COM AERONAVE REMOTAMENTE PILOTADA SEM O USO DE PONTOS DE APOIO. Revista Ra&#8217;e Ga \u00bf Espa\u00e7o Geogr\u00e1fico em An\u00e1lise, v. 43, p. 200-215, 2018.<\/p>\n\n\n\n<p>NEUMAN, G. ; SILVEIRA, C. T. ; SAMPAIO, TONY VINICIUS MOREIRA . AN\u00c1LISE DA INFLU\u00caNCIA DA ESCALA NA OBTEN\u00c7\u00c3O DOS ATRIBUTOS TOPOGR\u00c1FICOS DERIVADOS DE MDE. Revista Ra&#8217;e Ga \u00bf Espa\u00e7o Geogr\u00e1fico em An\u00e1lise, v. 43, p. 179-199, 2018.<\/p>\n\n\n\n<p>BUFFON, ELAIZ ; DA PAZ, OTAC\u00cdLIO ; SAMPAIO, TONY . Ve\u00edculo a\u00e9reo n\u00e3o tripulado (VANT) &#8211; aplica\u00e7\u00e3o na an\u00e1lise de inunda\u00e7\u00f5es em \u00e1reas urbanas. REVISTA DE GEOGRAFIA E ORDENAMENTO DO TERRIT\u00d3RIO, v. 13, p. 85-108, 2018.<\/p>\n\n\n\n<p>KAFER, P. S. ; BREUNIG, F\u00e1bio Marcelo ; REX, F. ; BALBINOT, R. . MODELING PINUS ELLIOTTII GROWTH WITH MULTITEMPORAL LANDSAT DATA: A STUDY CASE IN SOUTHERN BRAZIL. Boletim de Ci\u00eancias Geod\u00e9sicas, v. 24, p. 286-299, 2018.<\/p>\n\n\n\n<p>BALBINOT, RAFAELO ; TRAUTENMULLER, J. W. ; CARON, B. O. ; BREUNIG, F\u00e1bio Marcelo ; BORELLA, J. ; CARVALHO, R. R. . MODELLING OF ALLOMETRIC EQUATIONS FOR BIOMASS ESTIMATE IN DECIDUOUS FOREST. FLORESTA (ONLINE) (CURITIBA), v. 49, p. 143, 2018.<\/p>\n\n\n\n<p>REX, F. ; KAFER, P. S. ; BREUNIG, F\u00e1bio Marcelo ; SPOHR, R. B. ; SANTOS, R. S. . CLASSIFICA\u00c7\u00c3O SUPERVISIONADA DE COPAS DE \u00c1RVORES EM IMAGEM DE ALTA RESOLU\u00c7\u00c3O ESPACIAL. BIOFIX SCIENTIFIC JOURNAL (ONLINE), v. 3, p. 216-223, 2018.<\/p>\n\n\n\n<p>ERTHAL, D. A. ; BREUNIG, F\u00e1bio Marcelo ; BALBINOT, RAFAELO ; ROSA, P. A. ; Leonardo Freire de Mello . DIN\u00c2MICA DA COBERTURA FLORESTAL DA TERRA IND\u00cdGENA DO GUARITA, RS, BRASIL. REVISTA BRASILEIRA DE GEOGRAFIA F\u00cdSICA, v. 11, p. 2160-2172, 2018.<\/p>\n\n\n\n<p>BALBINOT, R. ; TRAUTENMULLER, J. W. ; LAMBRECHT, F. R. ; BREUNIG, F\u00e1bio Marcelo ; VALERIUS, J. . Biomass of a fragment of the montane seasonal deciduous forest the south Brazil. Acta Iguazu, v. 7, p. 1-10, 2018.<\/p>\n\n\n\n<h2 class=\"wp-block-heading\">2017<\/h2>\n\n\n\n<p>Em atualiza\u00e7\u00e3o<\/p>\n\n\n\n<p><\/p>\n","protected":false},"excerpt":{"rendered":"<p>2025 MOSIG, CLEMENS ; VAJNA-JEHLE, JANUSCH ; MAHECHA, MIGUEL D. ; CHENG, YAN ; HARTMANN, HENRIK ; MONTERO, DAVID ; JUNTTILA, SAMULI ; HORION, ST\u00c9PHANIE ; SCHWENKE, MIRELA BELOIU ; KOONTZ, MICHAEL J. ; MAULUD, KHAIRUL NIZAM ABDUL ; ADU-BREDU, STEPHEN ; AL-HALBOUNI, DJAMIL ; ALI, MUHAMMAD ; ALLEN, MATTHEW ; ALTMAN, JAN ; AMOR\u00d3S, [&hellip;]<\/p>\n","protected":false},"author":7,"featured_media":0,"parent":0,"menu_order":0,"comment_status":"closed","ping_status":"closed","template":"page.php","meta":{"footnotes":""},"class_list":["post-39","page","type-page","status-publish","hentry"],"_links":{"self":[{"href":"https:\/\/laboratorios.ufpr.br\/numaap\/wp-json\/wp\/v2\/pages\/39","targetHints":{"allow":["GET"]}}],"collection":[{"href":"https:\/\/laboratorios.ufpr.br\/numaap\/wp-json\/wp\/v2\/pages"}],"about":[{"href":"https:\/\/laboratorios.ufpr.br\/numaap\/wp-json\/wp\/v2\/types\/page"}],"author":[{"embeddable":true,"href":"https:\/\/laboratorios.ufpr.br\/numaap\/wp-json\/wp\/v2\/users\/7"}],"replies":[{"embeddable":true,"href":"https:\/\/laboratorios.ufpr.br\/numaap\/wp-json\/wp\/v2\/comments?post=39"}],"version-history":[{"count":2,"href":"https:\/\/laboratorios.ufpr.br\/numaap\/wp-json\/wp\/v2\/pages\/39\/revisions"}],"predecessor-version":[{"id":402,"href":"https:\/\/laboratorios.ufpr.br\/numaap\/wp-json\/wp\/v2\/pages\/39\/revisions\/402"}],"wp:attachment":[{"href":"https:\/\/laboratorios.ufpr.br\/numaap\/wp-json\/wp\/v2\/media?parent=39"}],"curies":[{"name":"wp","href":"https:\/\/api.w.org\/{rel}","templated":true}]}}