{"id":48,"date":"2025-07-10T12:17:40","date_gmt":"2025-07-10T15:17:40","guid":{"rendered":"https:\/\/laboratorios.ufpr.br\/numaap\/contato\/"},"modified":"2025-11-30T14:48:07","modified_gmt":"2025-11-30T17:48:07","slug":"contato","status":"publish","type":"page","link":"https:\/\/laboratorios.ufpr.br\/numaap\/contato\/","title":{"rendered":"Contato"},"content":{"rendered":"\n<p>O NuMAAP est\u00e1 localizado na sala 312 do edif\u00edcio Jos\u00e9 Bigarella | Setor de Ci\u00eancias da Terra | Centro Polit\u00e9cnico da UFPR | Centro Polit\u00e9cnico | Jardim das Am\u00e9ricas | CEP 81531-990 | Caixa Postal 19001 | Curitiba | PR | Brasil.<\/p>\n\n\n\n<p>Website: <a href=\"https:\/\/laboratorios.ufpr.br\/numaap\/\">https:\/\/laboratorios.ufpr.br\/numaap\/<\/a><\/p>\n\n\n\n<iframe loading=\"lazy\" src=\"https:\/\/www.google.com\/maps\/embed?pb=!1m14!1m12!1m3!1d1135.2562254540871!2d-49.23160588538175!3d-25.451574094799035!2m3!1f0!2f0!3f0!3m2!1i1024!2i768!4f13.1!5e1!3m2!1spt-BR!2sbr!4v1764524817743!5m2!1spt-BR!2sbr\" width=\"600\" height=\"450\" style=\"border:0\" allowfullscreen=\"\"><\/iframe>\n","protected":false},"excerpt":{"rendered":"<p>O NuMAAP est\u00e1 localizado na sala 312 do edif\u00edcio Jos\u00e9 Bigarella | Setor de Ci\u00eancias da Terra | Centro Polit\u00e9cnico da UFPR | Centro Polit\u00e9cnico | Jardim das Am\u00e9ricas | CEP 81531-990 | Caixa Postal 19001 | Curitiba | PR | Brasil. Website: https:\/\/laboratorios.ufpr.br\/numaap\/<\/p>\n","protected":false},"author":7,"featured_media":0,"parent":0,"menu_order":0,"comment_status":"closed","ping_status":"closed","template":"page.php","meta":{"footnotes":""},"class_list":["post-48","page","type-page","status-publish","hentry"],"_links":{"self":[{"href":"https:\/\/laboratorios.ufpr.br\/numaap\/wp-json\/wp\/v2\/pages\/48","targetHints":{"allow":["GET"]}}],"collection":[{"href":"https:\/\/laboratorios.ufpr.br\/numaap\/wp-json\/wp\/v2\/pages"}],"about":[{"href":"https:\/\/laboratorios.ufpr.br\/numaap\/wp-json\/wp\/v2\/types\/page"}],"author":[{"embeddable":true,"href":"https:\/\/laboratorios.ufpr.br\/numaap\/wp-json\/wp\/v2\/users\/7"}],"replies":[{"embeddable":true,"href":"https:\/\/laboratorios.ufpr.br\/numaap\/wp-json\/wp\/v2\/comments?post=48"}],"version-history":[{"count":3,"href":"https:\/\/laboratorios.ufpr.br\/numaap\/wp-json\/wp\/v2\/pages\/48\/revisions"}],"predecessor-version":[{"id":352,"href":"https:\/\/laboratorios.ufpr.br\/numaap\/wp-json\/wp\/v2\/pages\/48\/revisions\/352"}],"wp:attachment":[{"href":"https:\/\/laboratorios.ufpr.br\/numaap\/wp-json\/wp\/v2\/media?parent=48"}],"curies":[{"name":"wp","href":"https:\/\/api.w.org\/{rel}","templated":true}]}}