{"id":1070,"date":"2025-03-17T19:10:43","date_gmt":"2025-03-17T22:10:43","guid":{"rendered":"https:\/\/laboratorios.ufpr.br\/tecnosferalab\/?page_id=1070"},"modified":"2025-03-20T14:19:40","modified_gmt":"2025-03-20T17:19:40","slug":"cursos-e-oficinas","status":"publish","type":"page","link":"https:\/\/laboratorios.ufpr.br\/tecnosferalab\/acoes\/cursos-e-oficinas\/","title":{"rendered":"Cursos e oficinas"},"content":{"rendered":"<ul class=\"wp-block-latest-posts__list has-dates wp-block-latest-posts\"><li><div class=\"wp-block-latest-posts__featured-image alignleft\"><a href=\"https:\/\/laboratorios.ufpr.br\/tecnosferalab\/2025\/03\/18\/dados-vigilancia-e-resistencia-na-criptofunk\/\" aria-label=\"Dados, vigil\u00e2ncia e resist\u00eancia na Criptofunk\"><img loading=\"lazy\" decoding=\"async\" width=\"150\" height=\"150\" src=\"https:\/\/laboratorios.ufpr.br\/tecnosferalab\/wp-content\/uploads\/sites\/4\/2025\/03\/cartaz_RF-2-150x150.png\" class=\"attachment-thumbnail size-thumbnail wp-post-image\" alt=\"\" style=\"\" \/><\/a><\/div><a class=\"wp-block-latest-posts__post-title\" href=\"https:\/\/laboratorios.ufpr.br\/tecnosferalab\/2025\/03\/18\/dados-vigilancia-e-resistencia-na-criptofunk\/\">Dados, vigil\u00e2ncia e resist\u00eancia na Criptofunk<\/a><time datetime=\"2025-03-18T16:01:49-03:00\" class=\"wp-block-latest-posts__post-date\">18 de mar\u00e7o de 2025<\/time><div class=\"wp-block-latest-posts__post-excerpt\">Publicado originalmente por Rodrigo Firmino (Jararaca) e Pietra Milani (Tecnosfera) em: https:\/\/jararacalab.org\/proextpg1\/ Adaptado do original por Pietra Milani. Nos dias 22 e 23 de novembro de 2024, a CriptoFunk reuniu coletivos, pesquisadores e ativistas no Complexo da Mar\u00e9 para discutir as rela\u00e7\u00f5es entre tecnologia, vigil\u00e2ncia e liberdade. Inspirada no movimento global das criptofestas, a CriptoFunk\u2026 <a class=\"wp-block-latest-posts__read-more\" href=\"https:\/\/laboratorios.ufpr.br\/tecnosferalab\/2025\/03\/18\/dados-vigilancia-e-resistencia-na-criptofunk\/\" rel=\"noopener noreferrer\">Leia mais<span class=\"screen-reader-text\">: Dados, vigil\u00e2ncia e resist\u00eancia na Criptofunk<\/span><\/a><\/div><\/li>\n<\/ul>","protected":false},"excerpt":{"rendered":"","protected":false},"author":25,"featured_media":0,"parent":1062,"menu_order":0,"comment_status":"closed","ping_status":"closed","template":"","meta":{"footnotes":""},"class_list":["post-1070","page","type-page","status-publish","hentry"],"_links":{"self":[{"href":"https:\/\/laboratorios.ufpr.br\/tecnosferalab\/wp-json\/wp\/v2\/pages\/1070","targetHints":{"allow":["GET"]}}],"collection":[{"href":"https:\/\/laboratorios.ufpr.br\/tecnosferalab\/wp-json\/wp\/v2\/pages"}],"about":[{"href":"https:\/\/laboratorios.ufpr.br\/tecnosferalab\/wp-json\/wp\/v2\/types\/page"}],"author":[{"embeddable":true,"href":"https:\/\/laboratorios.ufpr.br\/tecnosferalab\/wp-json\/wp\/v2\/users\/25"}],"replies":[{"embeddable":true,"href":"https:\/\/laboratorios.ufpr.br\/tecnosferalab\/wp-json\/wp\/v2\/comments?post=1070"}],"version-history":[{"count":9,"href":"https:\/\/laboratorios.ufpr.br\/tecnosferalab\/wp-json\/wp\/v2\/pages\/1070\/revisions"}],"predecessor-version":[{"id":1284,"href":"https:\/\/laboratorios.ufpr.br\/tecnosferalab\/wp-json\/wp\/v2\/pages\/1070\/revisions\/1284"}],"up":[{"embeddable":true,"href":"https:\/\/laboratorios.ufpr.br\/tecnosferalab\/wp-json\/wp\/v2\/pages\/1062"}],"wp:attachment":[{"href":"https:\/\/laboratorios.ufpr.br\/tecnosferalab\/wp-json\/wp\/v2\/media?parent=1070"}],"curies":[{"name":"wp","href":"https:\/\/api.w.org\/{rel}","templated":true}]}}