{"id":126,"date":"2025-03-10T15:28:47","date_gmt":"2025-03-10T18:28:47","guid":{"rendered":"https:\/\/laboratorios.ufpr.br\/tecnosferalab\/?page_id=126"},"modified":"2025-11-20T09:23:56","modified_gmt":"2025-11-20T12:23:56","slug":"tecnosfera","status":"publish","type":"page","link":"https:\/\/laboratorios.ufpr.br\/tecnosferalab\/sobre\/tecnosfera\/","title":{"rendered":"Tecnosfera"},"content":{"rendered":"\n<p><p style=\"text-align: justify\">O Tecnosfera \u00e9 um laborat\u00f3rio voltado \u00e0 investiga\u00e7\u00e3o das rela\u00e7\u00f5es entre Espa\u00e7o, Tecnologia e Sociedade (ETS). Busca aprofundar a compreens\u00e3o do espa\u00e7o geogr\u00e1fico como uma dimens\u00e3o constitutiva das realidades sociot\u00e9cnicas e desenvolver pesquisas comprometidas com o enfrentamento das assimetrias tecnopol\u00edticas que permeiam o digital.<\/p><\/p>\n\n\n\n<p><\/p>\n","protected":false},"excerpt":{"rendered":"<p>O Tecnosfera \u00e9 um laborat\u00f3rio voltado \u00e0 investiga\u00e7\u00e3o das rela\u00e7\u00f5es entre Espa\u00e7o, Tecnologia e Sociedade (ETS). Busca aprofundar a compreens\u00e3o do espa\u00e7o geogr\u00e1fico como uma dimens\u00e3o constitutiva das realidades sociot\u00e9cnicas e desenvolver pesquisas comprometidas com o enfrentamento das assimetrias tecnopol\u00edticas que permeiam o digital.<\/p>\n","protected":false},"author":25,"featured_media":0,"parent":152,"menu_order":0,"comment_status":"closed","ping_status":"closed","template":"","meta":{"footnotes":""},"class_list":["post-126","page","type-page","status-publish","hentry"],"_links":{"self":[{"href":"https:\/\/laboratorios.ufpr.br\/tecnosferalab\/wp-json\/wp\/v2\/pages\/126","targetHints":{"allow":["GET"]}}],"collection":[{"href":"https:\/\/laboratorios.ufpr.br\/tecnosferalab\/wp-json\/wp\/v2\/pages"}],"about":[{"href":"https:\/\/laboratorios.ufpr.br\/tecnosferalab\/wp-json\/wp\/v2\/types\/page"}],"author":[{"embeddable":true,"href":"https:\/\/laboratorios.ufpr.br\/tecnosferalab\/wp-json\/wp\/v2\/users\/25"}],"replies":[{"embeddable":true,"href":"https:\/\/laboratorios.ufpr.br\/tecnosferalab\/wp-json\/wp\/v2\/comments?post=126"}],"version-history":[{"count":6,"href":"https:\/\/laboratorios.ufpr.br\/tecnosferalab\/wp-json\/wp\/v2\/pages\/126\/revisions"}],"predecessor-version":[{"id":2465,"href":"https:\/\/laboratorios.ufpr.br\/tecnosferalab\/wp-json\/wp\/v2\/pages\/126\/revisions\/2465"}],"up":[{"embeddable":true,"href":"https:\/\/laboratorios.ufpr.br\/tecnosferalab\/wp-json\/wp\/v2\/pages\/152"}],"wp:attachment":[{"href":"https:\/\/laboratorios.ufpr.br\/tecnosferalab\/wp-json\/wp\/v2\/media?parent=126"}],"curies":[{"name":"wp","href":"https:\/\/api.w.org\/{rel}","templated":true}]}}