{"id":2023,"date":"2025-06-09T11:42:54","date_gmt":"2025-06-09T14:42:54","guid":{"rendered":"https:\/\/laboratorios.ufpr.br\/tecnosferalab\/?page_id=2023"},"modified":"2025-06-09T12:17:41","modified_gmt":"2025-06-09T15:17:41","slug":"plataformizacao-do-ensino-no-parana","status":"publish","type":"page","link":"https:\/\/laboratorios.ufpr.br\/tecnosferalab\/plataformizacao-do-ensino-no-parana\/","title":{"rendered":"Observat\u00f3rio da plataformiza\u00e7\u00e3o do ensino no Paran\u00e1"},"content":{"rendered":"\n<p>P\u00e1gina destinada ao monitoramento da plataformiza\u00e7\u00e3o do ensino no Paran\u00e1, com disponibiliza\u00e7\u00e3o de dados e pesquisas para consulta p\u00fablica. <\/p>\n\n\n\n<h2 class=\"wp-block-heading\">Gastos p\u00fablicos com a contrata\u00e7\u00e3o de plataformas educacionais (Edtechs) \u2013 Paran\u00e1, mar\u00e7o de 2025<\/h2>\n\n\n\n<div data-wp-interactive=\"core\/file\" class=\"wp-block-file\"><object data-wp-bind--hidden=\"!state.hasPdfPreview\" hidden class=\"wp-block-file__embed\" data=\"https:\/\/laboratorios.ufpr.br\/tecnosferalab\/wp-content\/uploads\/sites\/4\/2025\/06\/Gastos_Plataformas.pdf\" type=\"application\/pdf\" style=\"width:100%;height:600px\" aria-label=\"Incorporado de Gastos_Plataformas.\"><\/object><a id=\"wp-block-file--media-4ff992c1-5bd7-4596-846c-380059a38568\" href=\"https:\/\/laboratorios.ufpr.br\/tecnosferalab\/wp-content\/uploads\/sites\/4\/2025\/06\/Gastos_Plataformas.pdf\">Gastos_Plataformas<\/a><a href=\"https:\/\/laboratorios.ufpr.br\/tecnosferalab\/wp-content\/uploads\/sites\/4\/2025\/06\/Gastos_Plataformas.pdf\" class=\"wp-block-file__button wp-element-button\" download aria-describedby=\"wp-block-file--media-4ff992c1-5bd7-4596-846c-380059a38568\">Baixar<\/a><\/div>\n\n\n\n<p>Como citar: Israel, Carolina Batista. Gastos p\u00fablicos com a contrata\u00e7\u00e3o de plataformas educacionais (Edtechs) \u2013 Paran\u00e1, mar\u00e7o de 2025. Dispon\u00edvel em: <a href=\"https:\/\/laboratorios.ufpr.br\/tecnosferalab\/plataformizacao-do-ensino-no-parana\/\">https:\/\/laboratorios.ufpr.br\/tecnosferalab\/plataformizacao-do-ensino-no-parana\/<\/a><\/p>\n\n\n\n<h2 class=\"wp-block-heading\">Publica\u00e7\u00f5es do Tecnosfera Lab<\/h2>\n\n\n\n<p>ISRAEL, Carolina Batista. Do trabalho digital ao ensino plataformizado: reflex\u00f5es sobre os impactos do neoliberalismo digital. <strong>Terra Livre<\/strong>, v. 2, p. 183-220, 2025. Dispon\u00edvel em: <a href=\"https:\/\/publicacoes.agb.org.br\/terralivre\/article\/view\/3688\">https:\/\/publicacoes.agb.org.br\/terralivre\/article\/view\/3688<\/a><\/p>\n\n\n\n<h2 class=\"wp-block-heading\">Outras publica\u00e7\u00f5es<\/h2>\n\n\n\n<p>BARBOSA, Renata Peres; ALVES, Nat\u00e1lia. A Reforma do Ensino M\u00e9dio e a Plataformiza\u00e7\u00e3o da Educa\u00e7\u00e3o: expans\u00e3o da privatiza\u00e7\u00e3o e padroniza\u00e7\u00e3o dos processos pedag\u00f3gicos. <strong>Revista e-curriculum<\/strong>, v. 21, 2023. Dispon\u00edvel em: <a href=\"http:\/\/educa.fcc.org.br\/scielo.php?pid=S1809-38762023000100120&amp;script=sci_arttext\">http:\/\/educa.fcc.org.br\/scielo.php?pid=S1809-38762023000100120&amp;script=sci_arttext<\/a><\/p>\n\n\n\n<p><\/p>\n","protected":false},"excerpt":{"rendered":"<p>P\u00e1gina destinada ao monitoramento da plataformiza\u00e7\u00e3o do ensino no Paran\u00e1, com disponibiliza\u00e7\u00e3o de dados e pesquisas para consulta p\u00fablica. Gastos p\u00fablicos com a contrata\u00e7\u00e3o de plataformas educacionais (Edtechs) \u2013 Paran\u00e1, mar\u00e7o de 2025 Como citar: Israel, Carolina Batista. Gastos p\u00fablicos com a contrata\u00e7\u00e3o de plataformas educacionais (Edtechs) \u2013 Paran\u00e1, mar\u00e7o de 2025. Dispon\u00edvel em: https:\/\/laboratorios.ufpr.br\/tecnosferalab\/plataformizacao-do-ensino-no-parana\/ [&hellip;]<\/p>\n","protected":false},"author":25,"featured_media":0,"parent":0,"menu_order":0,"comment_status":"closed","ping_status":"closed","template":"","meta":{"footnotes":""},"class_list":["post-2023","page","type-page","status-publish","hentry"],"_links":{"self":[{"href":"https:\/\/laboratorios.ufpr.br\/tecnosferalab\/wp-json\/wp\/v2\/pages\/2023","targetHints":{"allow":["GET"]}}],"collection":[{"href":"https:\/\/laboratorios.ufpr.br\/tecnosferalab\/wp-json\/wp\/v2\/pages"}],"about":[{"href":"https:\/\/laboratorios.ufpr.br\/tecnosferalab\/wp-json\/wp\/v2\/types\/page"}],"author":[{"embeddable":true,"href":"https:\/\/laboratorios.ufpr.br\/tecnosferalab\/wp-json\/wp\/v2\/users\/25"}],"replies":[{"embeddable":true,"href":"https:\/\/laboratorios.ufpr.br\/tecnosferalab\/wp-json\/wp\/v2\/comments?post=2023"}],"version-history":[{"count":6,"href":"https:\/\/laboratorios.ufpr.br\/tecnosferalab\/wp-json\/wp\/v2\/pages\/2023\/revisions"}],"predecessor-version":[{"id":2045,"href":"https:\/\/laboratorios.ufpr.br\/tecnosferalab\/wp-json\/wp\/v2\/pages\/2023\/revisions\/2045"}],"wp:attachment":[{"href":"https:\/\/laboratorios.ufpr.br\/tecnosferalab\/wp-json\/wp\/v2\/media?parent=2023"}],"curies":[{"name":"wp","href":"https:\/\/api.w.org\/{rel}","templated":true}]}}