{"id":544,"date":"2025-03-13T11:40:59","date_gmt":"2025-03-13T14:40:59","guid":{"rendered":"https:\/\/laboratorios.ufpr.br\/tecnosferalab\/?page_id=544"},"modified":"2025-03-21T07:57:42","modified_gmt":"2025-03-21T10:57:42","slug":"identidade-visual","status":"publish","type":"page","link":"https:\/\/laboratorios.ufpr.br\/tecnosferalab\/sobre\/identidade-visual\/","title":{"rendered":"Identidade visual"},"content":{"rendered":"\n<p>Nossa identidade visual foi criada pelas m\u00e3os habilidosas de J\u00e9ssica Wludarski, a partir de uma escuta ativa sobre nossas a\u00e7\u00f5es, referenciais te\u00f3ricos e tecnoespist\u00eamicos. <\/p>\n\n\n\n<figure class=\"wp-block-image size-full is-resized\"><img loading=\"lazy\" decoding=\"async\" width=\"845\" height=\"357\" src=\"https:\/\/laboratorios.ufpr.br\/tecnosferalab\/wp-content\/uploads\/sites\/4\/2025\/03\/tecnosfera_transparente-2.png\" alt=\"\" class=\"wp-image-1321\" style=\"width:720px;height:auto\" srcset=\"https:\/\/laboratorios.ufpr.br\/tecnosferalab\/wp-content\/uploads\/sites\/4\/2025\/03\/tecnosfera_transparente-2.png 845w, https:\/\/laboratorios.ufpr.br\/tecnosferalab\/wp-content\/uploads\/sites\/4\/2025\/03\/tecnosfera_transparente-2-300x127.png 300w, https:\/\/laboratorios.ufpr.br\/tecnosferalab\/wp-content\/uploads\/sites\/4\/2025\/03\/tecnosfera_transparente-2-768x324.png 768w, https:\/\/laboratorios.ufpr.br\/tecnosferalab\/wp-content\/uploads\/sites\/4\/2025\/03\/tecnosfera_transparente-2-175x74.png 175w, https:\/\/laboratorios.ufpr.br\/tecnosferalab\/wp-content\/uploads\/sites\/4\/2025\/03\/tecnosfera_transparente-2-75x32.png 75w\" sizes=\"auto, (max-width: 845px) 100vw, 845px\" \/><\/figure>\n\n\n\n<p><\/p>\n\n\n\n<p><\/p>\n\n\n\n<h2 class=\"wp-block-heading\">Quer saber o que nossa identidade visual significa? Veja abaixo:<\/h2>\n\n\n\n<figure class=\"wp-block-image size-large is-resized\"><img loading=\"lazy\" decoding=\"async\" width=\"1024\" height=\"724\" src=\"https:\/\/laboratorios.ufpr.br\/tecnosferalab\/wp-content\/uploads\/sites\/4\/2025\/03\/conceito_visual-1-1024x724.png\" alt=\"\" class=\"wp-image-897\" style=\"width:949px;height:auto\" srcset=\"https:\/\/laboratorios.ufpr.br\/tecnosferalab\/wp-content\/uploads\/sites\/4\/2025\/03\/conceito_visual-1-1024x724.png 1024w, https:\/\/laboratorios.ufpr.br\/tecnosferalab\/wp-content\/uploads\/sites\/4\/2025\/03\/conceito_visual-1-300x212.png 300w, https:\/\/laboratorios.ufpr.br\/tecnosferalab\/wp-content\/uploads\/sites\/4\/2025\/03\/conceito_visual-1-768x543.png 768w, https:\/\/laboratorios.ufpr.br\/tecnosferalab\/wp-content\/uploads\/sites\/4\/2025\/03\/conceito_visual-1-139x98.png 139w, https:\/\/laboratorios.ufpr.br\/tecnosferalab\/wp-content\/uploads\/sites\/4\/2025\/03\/conceito_visual-1-75x53.png 75w, https:\/\/laboratorios.ufpr.br\/tecnosferalab\/wp-content\/uploads\/sites\/4\/2025\/03\/conceito_visual-1.png 1123w\" sizes=\"auto, (max-width: 1024px) 100vw, 1024px\" \/><\/figure>\n","protected":false},"excerpt":{"rendered":"<p>Nossa identidade visual foi criada pelas m\u00e3os habilidosas de J\u00e9ssica Wludarski, a partir de uma escuta ativa sobre nossas a\u00e7\u00f5es, referenciais te\u00f3ricos e tecnoespist\u00eamicos. Quer saber o que nossa identidade visual significa? Veja abaixo:<\/p>\n","protected":false},"author":25,"featured_media":0,"parent":152,"menu_order":0,"comment_status":"closed","ping_status":"closed","template":"","meta":{"footnotes":""},"class_list":["post-544","page","type-page","status-publish","hentry"],"_links":{"self":[{"href":"https:\/\/laboratorios.ufpr.br\/tecnosferalab\/wp-json\/wp\/v2\/pages\/544","targetHints":{"allow":["GET"]}}],"collection":[{"href":"https:\/\/laboratorios.ufpr.br\/tecnosferalab\/wp-json\/wp\/v2\/pages"}],"about":[{"href":"https:\/\/laboratorios.ufpr.br\/tecnosferalab\/wp-json\/wp\/v2\/types\/page"}],"author":[{"embeddable":true,"href":"https:\/\/laboratorios.ufpr.br\/tecnosferalab\/wp-json\/wp\/v2\/users\/25"}],"replies":[{"embeddable":true,"href":"https:\/\/laboratorios.ufpr.br\/tecnosferalab\/wp-json\/wp\/v2\/comments?post=544"}],"version-history":[{"count":13,"href":"https:\/\/laboratorios.ufpr.br\/tecnosferalab\/wp-json\/wp\/v2\/pages\/544\/revisions"}],"predecessor-version":[{"id":1328,"href":"https:\/\/laboratorios.ufpr.br\/tecnosferalab\/wp-json\/wp\/v2\/pages\/544\/revisions\/1328"}],"up":[{"embeddable":true,"href":"https:\/\/laboratorios.ufpr.br\/tecnosferalab\/wp-json\/wp\/v2\/pages\/152"}],"wp:attachment":[{"href":"https:\/\/laboratorios.ufpr.br\/tecnosferalab\/wp-json\/wp\/v2\/media?parent=544"}],"curies":[{"name":"wp","href":"https:\/\/api.w.org\/{rel}","templated":true}]}}