{"id":71,"date":"2024-11-07T11:40:21","date_gmt":"2024-11-07T14:40:21","guid":{"rendered":"https:\/\/laboratorios.ufpr.br\/tecnosferalab\/pagina-inicial\/"},"modified":"2026-04-02T14:00:05","modified_gmt":"2026-04-02T17:00:05","slug":"pagina-inicial","status":"publish","type":"page","link":"https:\/\/laboratorios.ufpr.br\/tecnosferalab\/","title":{"rendered":"P\u00e1gina Inicial"},"content":{"rendered":"\n<h2 class=\"wp-block-heading\">Grupo de estudos &#8211; Tecnogeografias Digitais<\/h2>\n\n\n\n<div class=\"wp-block-cover is-light\"><span aria-hidden=\"true\" class=\"wp-block-cover__background has-white-background-color has-background-dim-100 has-background-dim\"><\/span><div class=\"wp-block-cover__inner-container is-layout-flow wp-block-cover-is-layout-flow\">\n<div class=\"wp-block-group\"><div class=\"wp-block-group__inner-container is-layout-constrained wp-block-group-is-layout-constrained\"><ul class=\"wp-block-latest-posts__list is-grid columns-3 wp-block-latest-posts has-background has-white-background-color\"><li><div class=\"wp-block-latest-posts__featured-image\"><a href=\"https:\/\/laboratorios.ufpr.br\/tecnosferalab\/2026\/04\/02\/10-04-2026-14h30-7-debate-sobre-o-tema-sociedades-de-controle\/\" aria-label=\"(10\/04\/2026 \u2013 14h30) 7. Debate sobre o tema: Sociedades de Controle\"><img loading=\"lazy\" decoding=\"async\" width=\"201\" height=\"300\" src=\"https:\/\/laboratorios.ufpr.br\/tecnosferalab\/wp-content\/uploads\/sites\/4\/2026\/04\/conversacoes.jpg\" class=\"attachment-medium size-medium wp-post-image\" alt=\"\" style=\"max-width:300px;max-height:300px;\" \/><\/a><\/div><a class=\"wp-block-latest-posts__post-title\" href=\"https:\/\/laboratorios.ufpr.br\/tecnosferalab\/2026\/04\/02\/10-04-2026-14h30-7-debate-sobre-o-tema-sociedades-de-controle\/\">(10\/04\/2026 \u2013 14h30) 7. Debate sobre o tema: Sociedades de Controle<\/a><\/li>\n<li><div class=\"wp-block-latest-posts__featured-image\"><a href=\"https:\/\/laboratorios.ufpr.br\/tecnosferalab\/2025\/05\/29\/13-06-2025-16h-6-debate-sobre-o-tema-tecnologia-e-meio-ambiente\/\" aria-label=\"(13\/06\/2025 \u2013 16h) 6. Debate sobre o tema: Tecnologia e Meio Ambiente\"><img loading=\"lazy\" decoding=\"async\" width=\"170\" height=\"300\" src=\"https:\/\/laboratorios.ufpr.br\/tecnosferalab\/wp-content\/uploads\/sites\/4\/2025\/05\/Desafio_ambiental-170x300.jpg\" class=\"attachment-medium size-medium wp-post-image\" alt=\"\" style=\"max-width:300px;max-height:300px;\" srcset=\"https:\/\/laboratorios.ufpr.br\/tecnosferalab\/wp-content\/uploads\/sites\/4\/2025\/05\/Desafio_ambiental-170x300.jpg 170w, https:\/\/laboratorios.ufpr.br\/tecnosferalab\/wp-content\/uploads\/sites\/4\/2025\/05\/Desafio_ambiental-580x1024.jpg 580w, https:\/\/laboratorios.ufpr.br\/tecnosferalab\/wp-content\/uploads\/sites\/4\/2025\/05\/Desafio_ambiental-768x1357.jpg 768w, https:\/\/laboratorios.ufpr.br\/tecnosferalab\/wp-content\/uploads\/sites\/4\/2025\/05\/Desafio_ambiental-55x98.jpg 55w, https:\/\/laboratorios.ufpr.br\/tecnosferalab\/wp-content\/uploads\/sites\/4\/2025\/05\/Desafio_ambiental-32x57.jpg 32w, https:\/\/laboratorios.ufpr.br\/tecnosferalab\/wp-content\/uploads\/sites\/4\/2025\/05\/Desafio_ambiental.jpg 849w\" sizes=\"auto, (max-width: 170px) 100vw, 170px\" \/><\/a><\/div><a class=\"wp-block-latest-posts__post-title\" href=\"https:\/\/laboratorios.ufpr.br\/tecnosferalab\/2025\/05\/29\/13-06-2025-16h-6-debate-sobre-o-tema-tecnologia-e-meio-ambiente\/\">(13\/06\/2025 \u2013 16h) 6. Debate sobre o tema: Tecnologia e Meio Ambiente<\/a><\/li>\n<li><div class=\"wp-block-latest-posts__featured-image\"><a href=\"https:\/\/laboratorios.ufpr.br\/tecnosferalab\/2025\/05\/15\/23-05-2025-16h-5-debate-sobre-o-tema-tecnologias-culinarias\/\" aria-label=\"(23\/05\/2025 \u2013 16h) 5. Debate sobre o tema: Tecnologias Culin\u00e1rias\"><img loading=\"lazy\" decoding=\"async\" width=\"200\" height=\"300\" src=\"https:\/\/laboratorios.ufpr.br\/tecnosferalab\/wp-content\/uploads\/sites\/4\/2025\/05\/819bv1TlrbL._SL1500_-200x300.jpg\" class=\"attachment-medium size-medium wp-post-image\" alt=\"\" style=\"max-width:300px;max-height:300px;\" srcset=\"https:\/\/laboratorios.ufpr.br\/tecnosferalab\/wp-content\/uploads\/sites\/4\/2025\/05\/819bv1TlrbL._SL1500_-200x300.jpg 200w, https:\/\/laboratorios.ufpr.br\/tecnosferalab\/wp-content\/uploads\/sites\/4\/2025\/05\/819bv1TlrbL._SL1500_-683x1024.jpg 683w, https:\/\/laboratorios.ufpr.br\/tecnosferalab\/wp-content\/uploads\/sites\/4\/2025\/05\/819bv1TlrbL._SL1500_-768x1152.jpg 768w, https:\/\/laboratorios.ufpr.br\/tecnosferalab\/wp-content\/uploads\/sites\/4\/2025\/05\/819bv1TlrbL._SL1500_-65x98.jpg 65w, https:\/\/laboratorios.ufpr.br\/tecnosferalab\/wp-content\/uploads\/sites\/4\/2025\/05\/819bv1TlrbL._SL1500_-38x57.jpg 38w, https:\/\/laboratorios.ufpr.br\/tecnosferalab\/wp-content\/uploads\/sites\/4\/2025\/05\/819bv1TlrbL._SL1500_.jpg 1000w\" sizes=\"auto, (max-width: 200px) 100vw, 200px\" \/><\/a><\/div><a class=\"wp-block-latest-posts__post-title\" href=\"https:\/\/laboratorios.ufpr.br\/tecnosferalab\/2025\/05\/15\/23-05-2025-16h-5-debate-sobre-o-tema-tecnologias-culinarias\/\">(23\/05\/2025 \u2013 16h) 5. Debate sobre o tema: Tecnologias Culin\u00e1rias<\/a><\/li>\n<li><div class=\"wp-block-latest-posts__featured-image\"><a href=\"https:\/\/laboratorios.ufpr.br\/tecnosferalab\/2025\/04\/08\/02-05-2025-16h-4-debate-sobre-o-tema-a-extincao-da-internet\/\" aria-label=\"(02\/05\/2025 \u2013 16h) 4. Debate sobre o tema: a extin\u00e7\u00e3o da Internet\"><img loading=\"lazy\" decoding=\"async\" width=\"203\" height=\"300\" src=\"https:\/\/laboratorios.ufpr.br\/tecnosferalab\/wp-content\/uploads\/sites\/4\/2025\/04\/lovink-203x300.jpg\" class=\"attachment-medium size-medium wp-post-image\" alt=\"\" style=\"max-width:300px;max-height:300px;\" srcset=\"https:\/\/laboratorios.ufpr.br\/tecnosferalab\/wp-content\/uploads\/sites\/4\/2025\/04\/lovink-203x300.jpg 203w, https:\/\/laboratorios.ufpr.br\/tecnosferalab\/wp-content\/uploads\/sites\/4\/2025\/04\/lovink-694x1024.jpg 694w, https:\/\/laboratorios.ufpr.br\/tecnosferalab\/wp-content\/uploads\/sites\/4\/2025\/04\/lovink-768x1134.jpg 768w, https:\/\/laboratorios.ufpr.br\/tecnosferalab\/wp-content\/uploads\/sites\/4\/2025\/04\/lovink-66x98.jpg 66w, https:\/\/laboratorios.ufpr.br\/tecnosferalab\/wp-content\/uploads\/sites\/4\/2025\/04\/lovink-39x57.jpg 39w, https:\/\/laboratorios.ufpr.br\/tecnosferalab\/wp-content\/uploads\/sites\/4\/2025\/04\/lovink.jpg 1016w\" sizes=\"auto, (max-width: 203px) 100vw, 203px\" \/><\/a><\/div><a class=\"wp-block-latest-posts__post-title\" href=\"https:\/\/laboratorios.ufpr.br\/tecnosferalab\/2025\/04\/08\/02-05-2025-16h-4-debate-sobre-o-tema-a-extincao-da-internet\/\">(02\/05\/2025 \u2013 16h) 4. Debate sobre o tema: a extin\u00e7\u00e3o da Internet<\/a><\/li>\n<li><div class=\"wp-block-latest-posts__featured-image\"><a href=\"https:\/\/laboratorios.ufpr.br\/tecnosferalab\/2025\/03\/26\/3-debate-sobre-o-tema-tecnologia-informacao-e-espaco\/\" aria-label=\"(07\/04\/2025 &#8211; 16h) 3. Debate sobre o tema: tecnologia, informa\u00e7\u00e3o e espa\u00e7o\"><img loading=\"lazy\" decoding=\"async\" width=\"200\" height=\"300\" src=\"https:\/\/laboratorios.ufpr.br\/tecnosferalab\/wp-content\/uploads\/sites\/4\/2025\/03\/tecnodiversidade-200x300.jpg\" class=\"attachment-medium size-medium wp-post-image\" alt=\"\" style=\"max-width:300px;max-height:300px;\" srcset=\"https:\/\/laboratorios.ufpr.br\/tecnosferalab\/wp-content\/uploads\/sites\/4\/2025\/03\/tecnodiversidade-200x300.jpg 200w, https:\/\/laboratorios.ufpr.br\/tecnosferalab\/wp-content\/uploads\/sites\/4\/2025\/03\/tecnodiversidade-683x1024.jpg 683w, https:\/\/laboratorios.ufpr.br\/tecnosferalab\/wp-content\/uploads\/sites\/4\/2025\/03\/tecnodiversidade-768x1152.jpg 768w, https:\/\/laboratorios.ufpr.br\/tecnosferalab\/wp-content\/uploads\/sites\/4\/2025\/03\/tecnodiversidade-65x98.jpg 65w, https:\/\/laboratorios.ufpr.br\/tecnosferalab\/wp-content\/uploads\/sites\/4\/2025\/03\/tecnodiversidade-38x57.jpg 38w, https:\/\/laboratorios.ufpr.br\/tecnosferalab\/wp-content\/uploads\/sites\/4\/2025\/03\/tecnodiversidade.jpg 1000w\" sizes=\"auto, (max-width: 200px) 100vw, 200px\" \/><\/a><\/div><a class=\"wp-block-latest-posts__post-title\" href=\"https:\/\/laboratorios.ufpr.br\/tecnosferalab\/2025\/03\/26\/3-debate-sobre-o-tema-tecnologia-informacao-e-espaco\/\">(07\/04\/2025 &#8211; 16h) 3. Debate sobre o tema: tecnologia, informa\u00e7\u00e3o e espa\u00e7o<\/a><\/li>\n<\/ul><\/div><\/div>\n<\/div><\/div>\n\n\n\n<hr class=\"wp-block-separator has-alpha-channel-opacity is-style-default\" \/>\n\n\n\n<h2 class=\"wp-block-heading\"><strong>Publica\u00e7\u00f5es<\/strong><\/h2>\n\n\n\n<div class=\"wp-block-columns is-layout-flex wp-container-core-columns-is-layout-9d6595d7 wp-block-columns-is-layout-flex\">\n<div class=\"wp-block-column is-layout-flow wp-block-column-is-layout-flow\" style=\"flex-basis:100%\">\n<div class=\"wp-block-group has-white-background-color has-background\"><div class=\"wp-block-group__inner-container is-layout-constrained wp-block-group-is-layout-constrained\"><ul class=\"wp-block-latest-posts__list is-grid columns-3 has-dates wp-block-latest-posts has-background has-white-background-color\"><li><div class=\"wp-block-latest-posts__featured-image\"><a href=\"https:\/\/laboratorios.ufpr.br\/tecnosferalab\/2025\/06\/13\/servico-publico-digital-em-curitiba-as-contradicoes-do-acesso-ao-cadastro-online\/\" aria-label=\"Servi\u00e7o P\u00fablico Digital em Curitiba: as contradi\u00e7\u00f5es do acesso ao Cadastro Online\"><img loading=\"lazy\" decoding=\"async\" width=\"240\" height=\"300\" src=\"https:\/\/laboratorios.ufpr.br\/tecnosferalab\/wp-content\/uploads\/sites\/4\/2025\/06\/496302429_17851403046448041_2571869128453178356_n-240x300.jpg\" class=\"attachment-medium size-medium wp-post-image\" alt=\"\" style=\"\" srcset=\"https:\/\/laboratorios.ufpr.br\/tecnosferalab\/wp-content\/uploads\/sites\/4\/2025\/06\/496302429_17851403046448041_2571869128453178356_n-240x300.jpg 240w, https:\/\/laboratorios.ufpr.br\/tecnosferalab\/wp-content\/uploads\/sites\/4\/2025\/06\/496302429_17851403046448041_2571869128453178356_n-819x1024.jpg 819w, https:\/\/laboratorios.ufpr.br\/tecnosferalab\/wp-content\/uploads\/sites\/4\/2025\/06\/496302429_17851403046448041_2571869128453178356_n-768x960.jpg 768w, https:\/\/laboratorios.ufpr.br\/tecnosferalab\/wp-content\/uploads\/sites\/4\/2025\/06\/496302429_17851403046448041_2571869128453178356_n-78x98.jpg 78w, https:\/\/laboratorios.ufpr.br\/tecnosferalab\/wp-content\/uploads\/sites\/4\/2025\/06\/496302429_17851403046448041_2571869128453178356_n-46x57.jpg 46w, https:\/\/laboratorios.ufpr.br\/tecnosferalab\/wp-content\/uploads\/sites\/4\/2025\/06\/496302429_17851403046448041_2571869128453178356_n.jpg 1080w\" sizes=\"auto, (max-width: 240px) 100vw, 240px\" \/><\/a><\/div><a class=\"wp-block-latest-posts__post-title\" href=\"https:\/\/laboratorios.ufpr.br\/tecnosferalab\/2025\/06\/13\/servico-publico-digital-em-curitiba-as-contradicoes-do-acesso-ao-cadastro-online\/\">Servi\u00e7o P\u00fablico Digital em Curitiba: as contradi\u00e7\u00f5es do acesso ao Cadastro Online<\/a><time datetime=\"2025-06-13T15:13:02-03:00\" class=\"wp-block-latest-posts__post-date\">13 de junho de 2025<\/time><\/li>\n<li><div class=\"wp-block-latest-posts__featured-image\"><a href=\"https:\/\/laboratorios.ufpr.br\/tecnosferalab\/2025\/03\/18\/redes-digitais-espacos-de-poder-por-uma-geografia-da-internet\/\" aria-label=\"Redes digitais &#8211; espa\u00e7os de poder: por uma Geografia da Internet\"><img loading=\"lazy\" decoding=\"async\" width=\"194\" height=\"300\" src=\"https:\/\/laboratorios.ufpr.br\/tecnosferalab\/wp-content\/uploads\/sites\/4\/2025\/03\/Captura-de-tela-de-2025-03-18-11-37-01-1-194x300.png\" class=\"attachment-medium size-medium wp-post-image\" alt=\"\" style=\"\" srcset=\"https:\/\/laboratorios.ufpr.br\/tecnosferalab\/wp-content\/uploads\/sites\/4\/2025\/03\/Captura-de-tela-de-2025-03-18-11-37-01-1-194x300.png 194w, https:\/\/laboratorios.ufpr.br\/tecnosferalab\/wp-content\/uploads\/sites\/4\/2025\/03\/Captura-de-tela-de-2025-03-18-11-37-01-1-63x98.png 63w, https:\/\/laboratorios.ufpr.br\/tecnosferalab\/wp-content\/uploads\/sites\/4\/2025\/03\/Captura-de-tela-de-2025-03-18-11-37-01-1-37x57.png 37w, https:\/\/laboratorios.ufpr.br\/tecnosferalab\/wp-content\/uploads\/sites\/4\/2025\/03\/Captura-de-tela-de-2025-03-18-11-37-01-1.png 621w\" sizes=\"auto, (max-width: 194px) 100vw, 194px\" \/><\/a><\/div><a class=\"wp-block-latest-posts__post-title\" href=\"https:\/\/laboratorios.ufpr.br\/tecnosferalab\/2025\/03\/18\/redes-digitais-espacos-de-poder-por-uma-geografia-da-internet\/\">Redes digitais &#8211; espa\u00e7os de poder: por uma Geografia da Internet<\/a><time datetime=\"2025-03-18T11:48:36-03:00\" class=\"wp-block-latest-posts__post-date\">18 de mar\u00e7o de 2025<\/time><\/li>\n<li><div class=\"wp-block-latest-posts__featured-image\"><a href=\"https:\/\/laboratorios.ufpr.br\/tecnosferalab\/2025\/03\/13\/artigo\/\" aria-label=\"Building a Digital Wall: the political economy of smart surveillance in Curitiba, Brazil\"><img loading=\"lazy\" decoding=\"async\" width=\"234\" height=\"300\" src=\"https:\/\/laboratorios.ufpr.br\/tecnosferalab\/wp-content\/uploads\/sites\/4\/2025\/03\/Digital-wall-234x300.jpg\" class=\"attachment-medium size-medium wp-post-image\" alt=\"\" style=\"\" srcset=\"https:\/\/laboratorios.ufpr.br\/tecnosferalab\/wp-content\/uploads\/sites\/4\/2025\/03\/Digital-wall-234x300.jpg 234w, https:\/\/laboratorios.ufpr.br\/tecnosferalab\/wp-content\/uploads\/sites\/4\/2025\/03\/Digital-wall-799x1024.jpg 799w, https:\/\/laboratorios.ufpr.br\/tecnosferalab\/wp-content\/uploads\/sites\/4\/2025\/03\/Digital-wall-768x985.jpg 768w, https:\/\/laboratorios.ufpr.br\/tecnosferalab\/wp-content\/uploads\/sites\/4\/2025\/03\/Digital-wall-1198x1536.jpg 1198w, https:\/\/laboratorios.ufpr.br\/tecnosferalab\/wp-content\/uploads\/sites\/4\/2025\/03\/Digital-wall-76x98.jpg 76w, https:\/\/laboratorios.ufpr.br\/tecnosferalab\/wp-content\/uploads\/sites\/4\/2025\/03\/Digital-wall-44x57.jpg 44w, https:\/\/laboratorios.ufpr.br\/tecnosferalab\/wp-content\/uploads\/sites\/4\/2025\/03\/Digital-wall.jpg 1500w\" sizes=\"auto, (max-width: 234px) 100vw, 234px\" \/><\/a><\/div><a class=\"wp-block-latest-posts__post-title\" href=\"https:\/\/laboratorios.ufpr.br\/tecnosferalab\/2025\/03\/13\/artigo\/\">Building a Digital Wall: the political economy of smart surveillance in Curitiba, Brazil<\/a><time datetime=\"2025-03-13T14:52:44-03:00\" class=\"wp-block-latest-posts__post-date\">13 de mar\u00e7o de 2025<\/time><\/li>\n<\/ul><\/div><\/div>\n<\/div>\n<\/div>\n\n\n\n<hr class=\"wp-block-separator has-alpha-channel-opacity is-style-default\" \/>\n\n\n\n<h2 class=\"wp-block-heading\"><strong>Cursos e oficinas<\/strong><\/h2>\n\n\n\n<div class=\"wp-block-group\"><div class=\"wp-block-group__inner-container is-layout-constrained wp-block-group-is-layout-constrained\">\n<div class=\"wp-block-columns is-layout-flex wp-container-core-columns-is-layout-9d6595d7 wp-block-columns-is-layout-flex\">\n<div class=\"wp-block-column is-layout-flow wp-block-column-is-layout-flow\" style=\"flex-basis:100%\">\n<div class=\"wp-block-cover is-light\"><span aria-hidden=\"true\" class=\"wp-block-cover__background has-white-background-color has-background-dim-100 has-background-dim\"><\/span><div class=\"wp-block-cover__inner-container is-layout-flow wp-block-cover-is-layout-flow\">\n<div class=\"wp-block-group\"><div class=\"wp-block-group__inner-container is-layout-constrained wp-block-group-is-layout-constrained\">\n<div class=\"wp-block-query is-layout-flow wp-block-query-is-layout-flow\">\n<div class=\"wp-block-group has-white-background-color has-background\"><div class=\"wp-block-group__inner-container is-layout-constrained wp-block-group-is-layout-constrained\"><ul class=\"wp-block-post-template has-background has-white-background-color is-layout-flow wp-block-post-template-is-layout-flow\"><li class=\"wp-block-post post-1194 post type-post status-publish format-standard has-post-thumbnail hentry category-categoria-cursos-e-oficinas category-categoria-post tag-oficina tag-reconhecimento-facial tag-vigilancia\">\n\n<div class=\"wp-block-group\"><div class=\"wp-block-group__inner-container is-layout-constrained wp-block-group-is-layout-constrained\">\n<div class=\"wp-block-group\"><div class=\"wp-block-group__inner-container is-layout-constrained wp-block-group-is-layout-constrained\">\n<div class=\"wp-block-group is-nowrap is-layout-flex wp-container-core-group-is-layout-ad2f72ca wp-block-group-is-layout-flex\"><ul class=\"wp-block-latest-posts__list has-dates wp-block-latest-posts\"><li><div class=\"wp-block-latest-posts__featured-image\"><a href=\"https:\/\/laboratorios.ufpr.br\/tecnosferalab\/2025\/03\/18\/dados-vigilancia-e-resistencia-na-criptofunk\/\" aria-label=\"Dados, vigil\u00e2ncia e resist\u00eancia na Criptofunk\"><img loading=\"lazy\" decoding=\"async\" width=\"200\" height=\"300\" src=\"https:\/\/laboratorios.ufpr.br\/tecnosferalab\/wp-content\/uploads\/sites\/4\/2025\/03\/cartaz_RF-2-200x300.png\" class=\"attachment-medium size-medium wp-post-image\" alt=\"\" style=\"\" srcset=\"https:\/\/laboratorios.ufpr.br\/tecnosferalab\/wp-content\/uploads\/sites\/4\/2025\/03\/cartaz_RF-2-200x300.png 200w, https:\/\/laboratorios.ufpr.br\/tecnosferalab\/wp-content\/uploads\/sites\/4\/2025\/03\/cartaz_RF-2-681x1024.png 681w, https:\/\/laboratorios.ufpr.br\/tecnosferalab\/wp-content\/uploads\/sites\/4\/2025\/03\/cartaz_RF-2-65x98.png 65w, https:\/\/laboratorios.ufpr.br\/tecnosferalab\/wp-content\/uploads\/sites\/4\/2025\/03\/cartaz_RF-2-38x57.png 38w, https:\/\/laboratorios.ufpr.br\/tecnosferalab\/wp-content\/uploads\/sites\/4\/2025\/03\/cartaz_RF-2.png 768w\" sizes=\"auto, (max-width: 200px) 100vw, 200px\" \/><\/a><\/div><a class=\"wp-block-latest-posts__post-title\" href=\"https:\/\/laboratorios.ufpr.br\/tecnosferalab\/2025\/03\/18\/dados-vigilancia-e-resistencia-na-criptofunk\/\">Dados, vigil\u00e2ncia e resist\u00eancia na Criptofunk<\/a><time datetime=\"2025-03-18T16:01:49-03:00\" class=\"wp-block-latest-posts__post-date\">18 de mar\u00e7o de 2025<\/time><\/li>\n<\/ul><\/div>\n<\/div><\/div>\n<\/div><\/div>\n\n<\/li><\/ul><\/div><\/div>\n<\/div>\n<\/div><\/div>\n<\/div><\/div>\n<\/div>\n<\/div>\n<\/div><\/div>\n\n\n<div class=\"wp-block-image\">\n<figure class=\"aligncenter size-full is-resized\"><img loading=\"lazy\" decoding=\"async\" width=\"717\" height=\"277\" src=\"https:\/\/laboratorios.ufpr.br\/tecnosferalab\/wp-content\/uploads\/sites\/4\/2025\/03\/tecnosfera_glitch_fundo_branco_2s5_7s_filamento_1mb.gif\" alt=\"\" class=\"wp-image-1614\" style=\"width:635px;height:auto\" \/><\/figure>\n<\/div>","protected":false},"excerpt":{"rendered":"<p>Grupo de estudos &#8211; Tecnogeografias Digitais Publica\u00e7\u00f5es Cursos e oficinas<\/p>\n","protected":false},"author":7,"featured_media":0,"parent":0,"menu_order":0,"comment_status":"closed","ping_status":"closed","template":"index.php","meta":{"footnotes":""},"class_list":["post-71","page","type-page","status-publish","hentry"],"_links":{"self":[{"href":"https:\/\/laboratorios.ufpr.br\/tecnosferalab\/wp-json\/wp\/v2\/pages\/71","targetHints":{"allow":["GET"]}}],"collection":[{"href":"https:\/\/laboratorios.ufpr.br\/tecnosferalab\/wp-json\/wp\/v2\/pages"}],"about":[{"href":"https:\/\/laboratorios.ufpr.br\/tecnosferalab\/wp-json\/wp\/v2\/types\/page"}],"author":[{"embeddable":true,"href":"https:\/\/laboratorios.ufpr.br\/tecnosferalab\/wp-json\/wp\/v2\/users\/7"}],"replies":[{"embeddable":true,"href":"https:\/\/laboratorios.ufpr.br\/tecnosferalab\/wp-json\/wp\/v2\/comments?post=71"}],"version-history":[{"count":61,"href":"https:\/\/laboratorios.ufpr.br\/tecnosferalab\/wp-json\/wp\/v2\/pages\/71\/revisions"}],"predecessor-version":[{"id":2509,"href":"https:\/\/laboratorios.ufpr.br\/tecnosferalab\/wp-json\/wp\/v2\/pages\/71\/revisions\/2509"}],"wp:attachment":[{"href":"https:\/\/laboratorios.ufpr.br\/tecnosferalab\/wp-json\/wp\/v2\/media?parent=71"}],"curies":[{"name":"wp","href":"https:\/\/api.w.org\/{rel}","templated":true}]}}