{"id":737,"date":"2025-03-14T08:36:59","date_gmt":"2025-03-14T11:36:59","guid":{"rendered":"https:\/\/laboratorios.ufpr.br\/tecnosferalab\/?page_id=737"},"modified":"2025-03-20T14:21:18","modified_gmt":"2025-03-20T17:21:18","slug":"artigos","status":"publish","type":"page","link":"https:\/\/laboratorios.ufpr.br\/tecnosferalab\/publicacoes\/artigos\/","title":{"rendered":"Artigos cient\u00edficos"},"content":{"rendered":"\n<div class=\"wp-block-query is-layout-flow wp-block-query-is-layout-flow\"><ul class=\"wp-block-post-template is-layout-flow wp-block-post-template-is-layout-flow\"><li class=\"wp-block-post post-2248 post type-post status-publish format-standard has-post-thumbnail hentry category-categoria-artigos-cientificos category-categoria-publicacoes\">\n<ul class=\"wp-block-latest-posts__list has-dates wp-block-latest-posts\"><li><div class=\"wp-block-latest-posts__featured-image alignleft\"><a href=\"https:\/\/laboratorios.ufpr.br\/tecnosferalab\/2025\/06\/13\/servico-publico-digital-em-curitiba-as-contradicoes-do-acesso-ao-cadastro-online\/\" aria-label=\"Servi\u00e7o P\u00fablico Digital em Curitiba: as contradi\u00e7\u00f5es do acesso ao Cadastro Online\"><img loading=\"lazy\" decoding=\"async\" width=\"150\" height=\"150\" src=\"https:\/\/laboratorios.ufpr.br\/tecnosferalab\/wp-content\/uploads\/sites\/4\/2025\/06\/496302429_17851403046448041_2571869128453178356_n-150x150.jpg\" class=\"attachment-thumbnail size-thumbnail wp-post-image\" alt=\"\" style=\"\" \/><\/a><\/div><a class=\"wp-block-latest-posts__post-title\" href=\"https:\/\/laboratorios.ufpr.br\/tecnosferalab\/2025\/06\/13\/servico-publico-digital-em-curitiba-as-contradicoes-do-acesso-ao-cadastro-online\/\">Servi\u00e7o P\u00fablico Digital em Curitiba: as contradi\u00e7\u00f5es do acesso ao Cadastro Online<\/a><time datetime=\"2025-06-13T15:13:02-03:00\" class=\"wp-block-latest-posts__post-date\">13 de junho de 2025<\/time><div class=\"wp-block-latest-posts__post-excerpt\">O artigo &#8220;Servi\u00e7o P\u00fablico Digital em Curitiba: as contradi\u00e7\u00f5es do acesso ao Cadastro Online&#8221;, da pesquisadora do Tecnosfera Lab, Carla Marques, foi um dos trabalhos selecionados para o Dossi\u00ea do V Simp\u00f3sio Internacional de Geografia do Conhecimento e da Inova\u00e7\u00e3o.\u2800Carla Marques analisa os impactos da digitaliza\u00e7\u00e3o dos servi\u00e7os p\u00fablicos no acesso \u00e0 educa\u00e7\u00e3o infantil, especialmente\u2026 <a class=\"wp-block-latest-posts__read-more\" href=\"https:\/\/laboratorios.ufpr.br\/tecnosferalab\/2025\/06\/13\/servico-publico-digital-em-curitiba-as-contradicoes-do-acesso-ao-cadastro-online\/\" rel=\"noopener noreferrer\">Leia mais<span class=\"screen-reader-text\">: Servi\u00e7o P\u00fablico Digital em Curitiba: as contradi\u00e7\u00f5es do acesso ao Cadastro Online<\/span><\/a><\/div><\/li>\n<li><div class=\"wp-block-latest-posts__featured-image alignleft\"><a href=\"https:\/\/laboratorios.ufpr.br\/tecnosferalab\/2025\/03\/13\/artigo\/\" aria-label=\"Building a Digital Wall: the political economy of smart surveillance in Curitiba, Brazil\"><img loading=\"lazy\" decoding=\"async\" width=\"150\" height=\"150\" src=\"https:\/\/laboratorios.ufpr.br\/tecnosferalab\/wp-content\/uploads\/sites\/4\/2025\/03\/Digital-wall-150x150.jpg\" class=\"attachment-thumbnail size-thumbnail wp-post-image\" alt=\"\" style=\"\" \/><\/a><\/div><a class=\"wp-block-latest-posts__post-title\" href=\"https:\/\/laboratorios.ufpr.br\/tecnosferalab\/2025\/03\/13\/artigo\/\">Building a Digital Wall: the political economy of smart surveillance in Curitiba, Brazil<\/a><time datetime=\"2025-03-13T14:52:44-03:00\" class=\"wp-block-latest-posts__post-date\">13 de mar\u00e7o de 2025<\/time><div class=\"wp-block-latest-posts__post-excerpt\">ABSTRACT This article focuses on the \u2018Digital Wall\u2019, a project created by the City of Curitiba (Brazil) to integrate algorithmic surveillance technologies into its local law enforcement agency, including AI-powered facial recognition. We depart from a political economical framework which integrates the work of the geographer Milton Santos with a wider literature on smart cities\u2026 <a class=\"wp-block-latest-posts__read-more\" href=\"https:\/\/laboratorios.ufpr.br\/tecnosferalab\/2025\/03\/13\/artigo\/\" rel=\"noopener noreferrer\">Leia mais<span class=\"screen-reader-text\">: Building a Digital Wall: the political economy of smart surveillance in Curitiba, Brazil<\/span><\/a><\/div><\/li>\n<\/ul>\n<\/li><li class=\"wp-block-post post-641 post type-post status-publish format-standard has-post-thumbnail hentry category-categoria-artigos-cientificos category-categoria-post tag-cidades-inteligentes tag-publicacoes tag-reconhecimento-facial tag-textos tag-vigilancia\">\n<ul class=\"wp-block-latest-posts__list has-dates wp-block-latest-posts\"><li><div class=\"wp-block-latest-posts__featured-image alignleft\"><a href=\"https:\/\/laboratorios.ufpr.br\/tecnosferalab\/2025\/06\/13\/servico-publico-digital-em-curitiba-as-contradicoes-do-acesso-ao-cadastro-online\/\" aria-label=\"Servi\u00e7o P\u00fablico Digital em Curitiba: as contradi\u00e7\u00f5es do acesso ao Cadastro Online\"><img loading=\"lazy\" decoding=\"async\" width=\"150\" height=\"150\" src=\"https:\/\/laboratorios.ufpr.br\/tecnosferalab\/wp-content\/uploads\/sites\/4\/2025\/06\/496302429_17851403046448041_2571869128453178356_n-150x150.jpg\" class=\"attachment-thumbnail size-thumbnail wp-post-image\" alt=\"\" style=\"\" \/><\/a><\/div><a class=\"wp-block-latest-posts__post-title\" href=\"https:\/\/laboratorios.ufpr.br\/tecnosferalab\/2025\/06\/13\/servico-publico-digital-em-curitiba-as-contradicoes-do-acesso-ao-cadastro-online\/\">Servi\u00e7o P\u00fablico Digital em Curitiba: as contradi\u00e7\u00f5es do acesso ao Cadastro Online<\/a><time datetime=\"2025-06-13T15:13:02-03:00\" class=\"wp-block-latest-posts__post-date\">13 de junho de 2025<\/time><div class=\"wp-block-latest-posts__post-excerpt\">O artigo &#8220;Servi\u00e7o P\u00fablico Digital em Curitiba: as contradi\u00e7\u00f5es do acesso ao Cadastro Online&#8221;, da pesquisadora do Tecnosfera Lab, Carla Marques, foi um dos trabalhos selecionados para o Dossi\u00ea do V Simp\u00f3sio Internacional de Geografia do Conhecimento e da Inova\u00e7\u00e3o.\u2800Carla Marques analisa os impactos da digitaliza\u00e7\u00e3o dos servi\u00e7os p\u00fablicos no acesso \u00e0 educa\u00e7\u00e3o infantil, especialmente\u2026 <a class=\"wp-block-latest-posts__read-more\" href=\"https:\/\/laboratorios.ufpr.br\/tecnosferalab\/2025\/06\/13\/servico-publico-digital-em-curitiba-as-contradicoes-do-acesso-ao-cadastro-online\/\" rel=\"noopener noreferrer\">Leia mais<span class=\"screen-reader-text\">: Servi\u00e7o P\u00fablico Digital em Curitiba: as contradi\u00e7\u00f5es do acesso ao Cadastro Online<\/span><\/a><\/div><\/li>\n<li><div class=\"wp-block-latest-posts__featured-image alignleft\"><a href=\"https:\/\/laboratorios.ufpr.br\/tecnosferalab\/2025\/03\/13\/artigo\/\" aria-label=\"Building a Digital Wall: the political economy of smart surveillance in Curitiba, Brazil\"><img loading=\"lazy\" decoding=\"async\" width=\"150\" height=\"150\" src=\"https:\/\/laboratorios.ufpr.br\/tecnosferalab\/wp-content\/uploads\/sites\/4\/2025\/03\/Digital-wall-150x150.jpg\" class=\"attachment-thumbnail size-thumbnail wp-post-image\" alt=\"\" style=\"\" \/><\/a><\/div><a class=\"wp-block-latest-posts__post-title\" href=\"https:\/\/laboratorios.ufpr.br\/tecnosferalab\/2025\/03\/13\/artigo\/\">Building a Digital Wall: the political economy of smart surveillance in Curitiba, Brazil<\/a><time datetime=\"2025-03-13T14:52:44-03:00\" class=\"wp-block-latest-posts__post-date\">13 de mar\u00e7o de 2025<\/time><div class=\"wp-block-latest-posts__post-excerpt\">ABSTRACT This article focuses on the \u2018Digital Wall\u2019, a project created by the City of Curitiba (Brazil) to integrate algorithmic surveillance technologies into its local law enforcement agency, including AI-powered facial recognition. We depart from a political economical framework which integrates the work of the geographer Milton Santos with a wider literature on smart cities\u2026 <a class=\"wp-block-latest-posts__read-more\" href=\"https:\/\/laboratorios.ufpr.br\/tecnosferalab\/2025\/03\/13\/artigo\/\" rel=\"noopener noreferrer\">Leia mais<span class=\"screen-reader-text\">: Building a Digital Wall: the political economy of smart surveillance in Curitiba, Brazil<\/span><\/a><\/div><\/li>\n<\/ul>\n<\/li><\/ul><\/div>\n","protected":false},"excerpt":{"rendered":"","protected":false},"author":25,"featured_media":0,"parent":646,"menu_order":0,"comment_status":"closed","ping_status":"closed","template":"","meta":{"footnotes":""},"class_list":["post-737","page","type-page","status-publish","hentry"],"_links":{"self":[{"href":"https:\/\/laboratorios.ufpr.br\/tecnosferalab\/wp-json\/wp\/v2\/pages\/737","targetHints":{"allow":["GET"]}}],"collection":[{"href":"https:\/\/laboratorios.ufpr.br\/tecnosferalab\/wp-json\/wp\/v2\/pages"}],"about":[{"href":"https:\/\/laboratorios.ufpr.br\/tecnosferalab\/wp-json\/wp\/v2\/types\/page"}],"author":[{"embeddable":true,"href":"https:\/\/laboratorios.ufpr.br\/tecnosferalab\/wp-json\/wp\/v2\/users\/25"}],"replies":[{"embeddable":true,"href":"https:\/\/laboratorios.ufpr.br\/tecnosferalab\/wp-json\/wp\/v2\/comments?post=737"}],"version-history":[{"count":5,"href":"https:\/\/laboratorios.ufpr.br\/tecnosferalab\/wp-json\/wp\/v2\/pages\/737\/revisions"}],"predecessor-version":[{"id":1285,"href":"https:\/\/laboratorios.ufpr.br\/tecnosferalab\/wp-json\/wp\/v2\/pages\/737\/revisions\/1285"}],"up":[{"embeddable":true,"href":"https:\/\/laboratorios.ufpr.br\/tecnosferalab\/wp-json\/wp\/v2\/pages\/646"}],"wp:attachment":[{"href":"https:\/\/laboratorios.ufpr.br\/tecnosferalab\/wp-json\/wp\/v2\/media?parent=737"}],"curies":[{"name":"wp","href":"https:\/\/api.w.org\/{rel}","templated":true}]}}