{"id":743,"date":"2025-03-14T08:53:55","date_gmt":"2025-03-14T11:53:55","guid":{"rendered":"https:\/\/laboratorios.ufpr.br\/tecnosferalab\/?page_id=743"},"modified":"2025-04-11T16:08:22","modified_gmt":"2025-04-11T19:08:22","slug":"documentos-tecnicos","status":"publish","type":"page","link":"https:\/\/laboratorios.ufpr.br\/tecnosferalab\/publicacoes\/documentos-tecnicos\/","title":{"rendered":"Documentos t\u00e9cnicos"},"content":{"rendered":"<ul class=\"wp-block-latest-posts__list has-dates wp-block-latest-posts\"><li><div class=\"wp-block-latest-posts__featured-image\"><a href=\"https:\/\/laboratorios.ufpr.br\/tecnosferalab\/2024\/03\/20\/o-reconhecimento-facial-no-ambiente-escolar\/\" aria-label=\"Reconhecimento Facial nas escolas p\u00fablicas do Paran\u00e1\"><img loading=\"lazy\" decoding=\"async\" width=\"212\" height=\"300\" src=\"https:\/\/laboratorios.ufpr.br\/tecnosferalab\/wp-content\/uploads\/sites\/4\/2025\/03\/Screenshot-2025-03-14-at-12-08-54-RF_PR_2023.pdf-212x300.png\" class=\"attachment-medium size-medium wp-post-image\" alt=\"\" style=\"max-width:300px;max-height:300px;\" srcset=\"https:\/\/laboratorios.ufpr.br\/tecnosferalab\/wp-content\/uploads\/sites\/4\/2025\/03\/Screenshot-2025-03-14-at-12-08-54-RF_PR_2023.pdf-212x300.png 212w, https:\/\/laboratorios.ufpr.br\/tecnosferalab\/wp-content\/uploads\/sites\/4\/2025\/03\/Screenshot-2025-03-14-at-12-08-54-RF_PR_2023.pdf-69x98.png 69w, https:\/\/laboratorios.ufpr.br\/tecnosferalab\/wp-content\/uploads\/sites\/4\/2025\/03\/Screenshot-2025-03-14-at-12-08-54-RF_PR_2023.pdf-40x57.png 40w, https:\/\/laboratorios.ufpr.br\/tecnosferalab\/wp-content\/uploads\/sites\/4\/2025\/03\/Screenshot-2025-03-14-at-12-08-54-RF_PR_2023.pdf.png 648w\" sizes=\"auto, (max-width: 212px) 100vw, 212px\" \/><\/a><\/div><a class=\"wp-block-latest-posts__post-title\" href=\"https:\/\/laboratorios.ufpr.br\/tecnosferalab\/2024\/03\/20\/o-reconhecimento-facial-no-ambiente-escolar\/\">Reconhecimento Facial nas escolas p\u00fablicas do Paran\u00e1<\/a><time datetime=\"2024-03-20T14:27:10-03:00\" class=\"wp-block-latest-posts__post-date\">20 de mar\u00e7o de 2024<\/time><div class=\"wp-block-latest-posts__post-full-content\"><!-- wp:paragraph -->\n<p>O emprego do Reconhecimento Facial (RF) no ambiente escolar brasileiro para registro de frequ\u00eancia vem se expandindo nos \u00faltimos anos. Considerando tal contexto, procederam-se atividades de pesquisa para levantamento de informa\u00e7\u00f5es sobre o funcionamento do RF nas escolas deste estado. Acesse o relat\u00f3rio:<\/p>\n<!-- \/wp:paragraph -->\n\n<!-- wp:buttons -->\n<div class=\"wp-block-buttons\"><!-- wp:button -->\n<div class=\"wp-block-button\"><a class=\"wp-block-button__link wp-element-button\" href=\"https:\/\/observacuritiba.ufpr.br\/wp-content\/uploads\/2023\/12\/RF_PR_2023.pdf\">Baixar<\/a><\/div>\n<!-- \/wp:button --><\/div>\n<!-- \/wp:buttons -->\n\n<!-- wp:paragraph -->\n<p><\/p>\n<!-- \/wp:paragraph --><\/div><\/li>\n<\/ul>\n\n\n<p><\/p>\n","protected":false},"excerpt":{"rendered":"","protected":false},"author":25,"featured_media":0,"parent":646,"menu_order":0,"comment_status":"closed","ping_status":"closed","template":"","meta":{"footnotes":""},"class_list":["post-743","page","type-page","status-publish","hentry"],"_links":{"self":[{"href":"https:\/\/laboratorios.ufpr.br\/tecnosferalab\/wp-json\/wp\/v2\/pages\/743","targetHints":{"allow":["GET"]}}],"collection":[{"href":"https:\/\/laboratorios.ufpr.br\/tecnosferalab\/wp-json\/wp\/v2\/pages"}],"about":[{"href":"https:\/\/laboratorios.ufpr.br\/tecnosferalab\/wp-json\/wp\/v2\/types\/page"}],"author":[{"embeddable":true,"href":"https:\/\/laboratorios.ufpr.br\/tecnosferalab\/wp-json\/wp\/v2\/users\/25"}],"replies":[{"embeddable":true,"href":"https:\/\/laboratorios.ufpr.br\/tecnosferalab\/wp-json\/wp\/v2\/comments?post=743"}],"version-history":[{"count":25,"href":"https:\/\/laboratorios.ufpr.br\/tecnosferalab\/wp-json\/wp\/v2\/pages\/743\/revisions"}],"predecessor-version":[{"id":1752,"href":"https:\/\/laboratorios.ufpr.br\/tecnosferalab\/wp-json\/wp\/v2\/pages\/743\/revisions\/1752"}],"up":[{"embeddable":true,"href":"https:\/\/laboratorios.ufpr.br\/tecnosferalab\/wp-json\/wp\/v2\/pages\/646"}],"wp:attachment":[{"href":"https:\/\/laboratorios.ufpr.br\/tecnosferalab\/wp-json\/wp\/v2\/media?parent=743"}],"curies":[{"name":"wp","href":"https:\/\/api.w.org\/{rel}","templated":true}]}}