{"id":956,"date":"2025-03-17T10:14:24","date_gmt":"2025-03-17T13:14:24","guid":{"rendered":"https:\/\/laboratorios.ufpr.br\/tecnosferalab\/?page_id=956"},"modified":"2025-03-21T11:51:19","modified_gmt":"2025-03-21T14:51:19","slug":"artigos-em-jornais","status":"publish","type":"page","link":"https:\/\/laboratorios.ufpr.br\/tecnosferalab\/noticias-2\/artigos-em-jornais\/","title":{"rendered":"Artigos em jornais"},"content":{"rendered":"\n<div class=\"wp-block-query is-layout-flow wp-block-query-is-layout-flow\"><ul class=\"wp-block-post-template is-layout-flow wp-block-post-template-is-layout-flow\"><li class=\"wp-block-post post-958 post type-post status-publish format-standard has-post-thumbnail hentry category-categoria-artigos-em-jornais category-categoria-post tag-artigos tag-cidades-inteligentes tag-jornal tag-vigilancia\"><\/li><\/ul><\/div>\n\n\n<ul class=\"wp-block-latest-posts__list has-dates wp-block-latest-posts\"><li><div class=\"wp-block-latest-posts__featured-image alignleft\"><a href=\"https:\/\/laboratorios.ufpr.br\/tecnosferalab\/2024\/04\/15\/a-cidade-mais-inteligente-do-mundo\/\" aria-label=\"A cidade mais inteligente do mundo? O \u2018tecnossolucionismo\u2019 em xeque nas elei\u00e7\u00f5es municipais\"><img loading=\"lazy\" decoding=\"async\" width=\"150\" height=\"150\" src=\"https:\/\/laboratorios.ufpr.br\/tecnosferalab\/wp-content\/uploads\/sites\/4\/2025\/03\/greca-150x150.jpg\" class=\"attachment-thumbnail size-thumbnail wp-post-image\" alt=\"\" style=\"\" srcset=\"https:\/\/laboratorios.ufpr.br\/tecnosferalab\/wp-content\/uploads\/sites\/4\/2025\/03\/greca-150x150.jpg 150w, https:\/\/laboratorios.ufpr.br\/tecnosferalab\/wp-content\/uploads\/sites\/4\/2025\/03\/greca-300x300.jpg 300w, https:\/\/laboratorios.ufpr.br\/tecnosferalab\/wp-content\/uploads\/sites\/4\/2025\/03\/greca-98x98.jpg 98w, https:\/\/laboratorios.ufpr.br\/tecnosferalab\/wp-content\/uploads\/sites\/4\/2025\/03\/greca-57x57.jpg 57w, https:\/\/laboratorios.ufpr.br\/tecnosferalab\/wp-content\/uploads\/sites\/4\/2025\/03\/greca.jpg 600w\" sizes=\"auto, (max-width: 150px) 100vw, 150px\" \/><\/a><\/div><a class=\"wp-block-latest-posts__post-title\" href=\"https:\/\/laboratorios.ufpr.br\/tecnosferalab\/2024\/04\/15\/a-cidade-mais-inteligente-do-mundo\/\">A cidade mais inteligente do mundo? O \u2018tecnossolucionismo\u2019 em xeque nas elei\u00e7\u00f5es municipais<\/a><time datetime=\"2024-04-15T10:15:42-03:00\" class=\"wp-block-latest-posts__post-date\">15 de abril de 2024<\/time><div class=\"wp-block-latest-posts__post-excerpt\">Artigos de Opini\u00e3o \/ 17 de abril de 2024 Carolina Israel e Rodrigo Firmino 15 de abril de 2024 Cidade Inteligente ou Tecnossolucionismo? \u00c0 medida que nos aproximamos das elei\u00e7\u00f5es municipais de 2024, \u00e9 crucial questionar os rumos da gest\u00e3o urbana, sobretudo no que diz respeito \u00e0s Cidades Inteligentes ou \u201cSmart Cities\u201d. Neste artigo do\u2026 <a class=\"wp-block-latest-posts__read-more\" href=\"https:\/\/laboratorios.ufpr.br\/tecnosferalab\/2024\/04\/15\/a-cidade-mais-inteligente-do-mundo\/\" rel=\"noopener noreferrer\">Leia mais<span class=\"screen-reader-text\">: A cidade mais inteligente do mundo? O \u2018tecnossolucionismo\u2019 em xeque nas elei\u00e7\u00f5es municipais<\/span><\/a><\/div><\/li>\n<\/ul>","protected":false},"excerpt":{"rendered":"","protected":false},"author":25,"featured_media":0,"parent":718,"menu_order":1,"comment_status":"closed","ping_status":"closed","template":"","meta":{"footnotes":""},"class_list":["post-956","page","type-page","status-publish","hentry"],"_links":{"self":[{"href":"https:\/\/laboratorios.ufpr.br\/tecnosferalab\/wp-json\/wp\/v2\/pages\/956","targetHints":{"allow":["GET"]}}],"collection":[{"href":"https:\/\/laboratorios.ufpr.br\/tecnosferalab\/wp-json\/wp\/v2\/pages"}],"about":[{"href":"https:\/\/laboratorios.ufpr.br\/tecnosferalab\/wp-json\/wp\/v2\/types\/page"}],"author":[{"embeddable":true,"href":"https:\/\/laboratorios.ufpr.br\/tecnosferalab\/wp-json\/wp\/v2\/users\/25"}],"replies":[{"embeddable":true,"href":"https:\/\/laboratorios.ufpr.br\/tecnosferalab\/wp-json\/wp\/v2\/comments?post=956"}],"version-history":[{"count":8,"href":"https:\/\/laboratorios.ufpr.br\/tecnosferalab\/wp-json\/wp\/v2\/pages\/956\/revisions"}],"predecessor-version":[{"id":1483,"href":"https:\/\/laboratorios.ufpr.br\/tecnosferalab\/wp-json\/wp\/v2\/pages\/956\/revisions\/1483"}],"up":[{"embeddable":true,"href":"https:\/\/laboratorios.ufpr.br\/tecnosferalab\/wp-json\/wp\/v2\/pages\/718"}],"wp:attachment":[{"href":"https:\/\/laboratorios.ufpr.br\/tecnosferalab\/wp-json\/wp\/v2\/media?parent=956"}],"curies":[{"name":"wp","href":"https:\/\/api.w.org\/{rel}","templated":true}]}}